{"id":2639,"date":"2019-01-15T11:00:20","date_gmt":"2019-01-15T10:00:20","guid":{"rendered":"http:\/\/www.boracay.it\/servizi\/"},"modified":"2020-04-14T10:53:49","modified_gmt":"2020-04-14T08:53:49","slug":"servizi","status":"publish","type":"page","link":"https:\/\/www.boracay.it\/fr\/servizi\/","title":{"rendered":"Services"},"content":{"rendered":"<section id=\"bt_section6a04d6782f8f0\"  class=\"boldSection topSpaced bottomSpaced btDarkSkin gutter inherit wBackground cover\" style=\"background-image:url('https:\/\/www.boracay.it\/wp-content\/uploads\/2019\/02\/alba-adriatica.jpg');\"><div class=\"port\"><div class=\"boldCell\"><div class=\"boldCellInner\"><div class=\"boldRow \" ><div class=\"boldRowInner\"><div class=\"rowItem col-md-6 col-sm-12 btTextLeft\"  data-width=\"6\"><div class=\"rowItemContent\" ><div class=\"rowItemContentInner\"><div class=\"btClear btSeparator bottomSpaced noBorder\" ><hr><\/div><header class=\"header btClear huge btDash bottomDash  btHeadlineDefaultColor btBottomDashDefaultColor\" ><div class=\"dash\"><h1><span class=\"headline\">Services Hotel Boracay\r<br><i class=\"animate\">Alba Adriatica<\/i><\/span><\/h1><\/div><div class=\"btSubTitle\">H\u00f4tel de vacances en bord de mer avec piscine \u00e0 Alba Adriatica<\/div><\/header><div class=\"btIconImageRow\" ><div class=\"servicesItem  btIcoAccentColorIcon btIcoBigSizeIcon \"><div class=\"sIcon\"><span class=\"btIco btIcoBigSize btIcoFilledType btIcoAccentColor\"><a href=\"#contatto\" target=\"_self\" data-ico-s7=\"&#xe639;\" class=\"btIcoHolder\"><\/a><\/span><\/div><div class=\"sTxt\"><header class=\"header btClear medium\" ><div class=\"dash\"><div class=\"btSuperTitle\"><span>Quote!<\/span><\/div><h4><span class=\"headline\">CONTACTEZ-NOUS<\/span><\/h4><\/div><\/header><p><\/p><\/div><\/div><div class=\"servicesItem  btIcoAccentColorIcon btIcoBigSizeIcon \"><div class=\"sIcon\"><span class=\"btIco btIcoBigSize btIcoFilledType btIcoAccentColor\"><a href=\"http:\/\/www.boracay.it\/camere\/\" target=\"_self\" data-ico-fa=\"&#xf236;\" class=\"btIcoHolder\"><\/a><\/span><\/div><div class=\"sTxt\"><header class=\"header btClear medium\" ><div class=\"dash\"><div class=\"btSuperTitle\"><span>Les chambres<\/span><\/div><h4><span class=\"headline\">CHAMBRES<\/span><\/h4><\/div><\/header><p><\/p><\/div><\/div><\/div><\/div><\/div><\/div><div class=\"rowItem col-md-6 col-sm-12 btTextLeft\"  data-width=\"6\"><div class=\"rowItemContent\" ><div class=\"rowItemContentInner\"><\/div><\/div><\/div><\/div><\/div><\/div><\/div><\/div><\/section><section id=\"bt_section6a04d67831336\"  class=\"boldSection topSpaced bottomSemiSpaced gutter inherit\" ><div class=\"port\"><div class=\"boldCell\"><div class=\"boldCellInner\"><div class=\"boldRow \" ><div class=\"boldRowInner\"><div class=\"rowItem col-md-12 col-ms-12  btTextLeft btMiddleVertical\"  data-width=\"12\"><div class=\"rowItemContent\" ><div class=\"rowItemContentInner\"><header class=\"header btClear extralarge btDash bottomDash  btHeadlineDefaultColor btBottomDashAccentColor\" ><div class=\"dash\"><div class=\"btSuperTitle\"><span>Services pour les familles avec enfants<\/span><\/div><h2><span class=\"headline\">H\u00f4tel 3 \u00e9toiles pour familles \u00e0 la mer \u00e0 Alba Adriatica<\/span><\/h2><\/div><div class=\"btSubTitle\">La vari\u00e9t\u00e9 des services, l&rsquo;hospitalit\u00e9, l&rsquo;organisation moderne et le professionnalisme de la direction de l&rsquo;h\u00f4tel Boracay rendent vos vacances \u00e0 Alba Adriatica uniques et inoubliables, capables de satisfaire les besoins des clients de tous \u00e2ges: familles, couples et unique.<\/div><\/header><\/div><\/div><\/div><\/div><\/div><\/div><\/div><\/div><\/section><section id=\"bt_section6a04d67831e23\"  class=\"boldSection bottomSpaced gutter inherit\" ><div class=\"port\"><div class=\"boldCell\"><div class=\"boldCellInner\"><div class=\"boldRow \" ><div class=\"boldRowInner\"><div class=\"rowItem col-md-6 col-sm-12 btTextRight btTopVertical btNoPadding wBackground cover\" style=\"background-image: url(https:\/\/www.boracay.it\/wp-content\/uploads\/2019\/01\/jacuzzi-alba-adriatica-1.jpg);\" data-width=\"6\"><div class=\"rowItemContent\" ><div class=\"rowItemContentInner\"><\/div><\/div><\/div><div class=\"rowItem col-md-6 col-sm-12 btTextLeft btTextIndent btMiddleVertical\" style=\"background-color: rgba(230, 230, 230, 1);\" data-width=\"6\"><div class=\"rowItemContent\" ><div class=\"rowItemContentInner\"><div class=\"btClear btSeparator bottomSemiSpaced noBorder\" ><hr><\/div><header class=\"header btClear large btDash topDash  btHeadlineDefaultColor btBottomDashDefaultColor\" ><div class=\"dash\"><div class=\"btSuperTitle\"><span>Solarium Panoramique D\u00e9tente<\/span><\/div><h3><span class=\"headline\">Jacuzzi<\/span><\/h3><\/div><\/header><div class=\"btIconImageRow\" ><span class=\"btIco btIcoDefaultType btIcoBigSize btIcoAccentColor\"><span  data-ico-cs=\"&#xe040;\" class=\"btIcoHolder\"><\/span><\/span><span class=\"btIco btIcoDefaultType btIcoBigSize btIcoAccentColor\"><span  data-ico-cs=\"&#xe9ee;\" class=\"btIcoHolder\"><\/span><\/span><span class=\"btIco btIcoDefaultType btIcoBigSize btIcoAccentColor\"><span  data-ico-cs=\"&#xe041;\" class=\"btIcoHolder\"><\/span><\/span><\/div><div class=\"btClear btSeparator bottomSmallSpaced noBorder\" ><hr><\/div><div class=\"btText\" ><p>Parmi les nombreux services offerts par l&rsquo;h\u00f4tel Boracay, nous voulons rappeler ceux con\u00e7us et construits pour les familles avec enfants: l&rsquo;animation interne de l&rsquo;h\u00f4tel et les activit\u00e9s de plein air sur la plage de la mer des Abruzzes, la piscine d&rsquo;eau sal\u00e9e et le solarium panoramique avec jacuzzi .<\/p>\n<\/div><div class=\"btClear btSeparator bottomSmallSpaced noBorder\" ><hr><\/div><a href=\"http:\/\/www.boracay.it\/piscina\/\" class=\"btBtn btBtn btnFilledStyle btnAccentColor btnSmall btnNormalWidth btnRightPosition btnNoIcon\" ><span class=\"btnInnerText\">En savoir plus<\/span><\/a><div class=\"btClear btSeparator bottomSemiSpaced noBorder\" ><hr><\/div><\/div><\/div><\/div><\/div><\/div><div class=\"boldRow \" ><div class=\"boldRowInner\"><div class=\"rowItem col-md-6 col-sm-12 btTextLeft btTextIndent btMiddleVertical\" style=\"background-color: rgba(230, 230, 230, 1);\" data-width=\"6\"><div class=\"rowItemContent\" ><div class=\"rowItemContentInner\"><div class=\"btClear btSeparator bottomSemiSpaced noBorder\" ><hr><\/div><header class=\"header btClear large btDash topDash  btHeadlineDefaultColor btBottomDashDefaultColor\" ><div class=\"dash\"><div class=\"btSuperTitle\"><span>Matin et Apr\u00e8s-midi<\/span><\/div><h3><span class=\"headline\">Babysitting<\/span><\/h3><\/div><\/header><div class=\"btIconImageRow\" ><span class=\"btIco btIcoDefaultType btIcoBigSize btIcoAccentColor\"><span  data-ico-cs=\"&#xea13;\" class=\"btIcoHolder\"><\/span><\/span><span class=\"btIco btIcoDefaultType btIcoBigSize btIcoAccentColor\"><span  data-ico-cs=\"&#xe05b;\" class=\"btIcoHolder\"><\/span><\/span><\/div><div class=\"btClear btSeparator bottomSmallSpaced noBorder\" ><hr><\/div><div class=\"btText\" ><p>Le Boracay est id\u00e9al pour les familles avec enfants. \u00c0 partir de cette ann\u00e9e, un service de \u00ab\u00a0Baby Sitting\u00a0\u00bb est actif \u00e0 la fois le matin sur la plage et l&rsquo;apr\u00e8s-midi juste apr\u00e8s le d\u00e9jeuner (jusqu&rsquo;\u00e0 16h00) afin de permettre aux parents de profiter de moments de tranquillit\u00e9 absolue et aux enfants de s&rsquo;amuser. en toute s\u00e9curit\u00e9.<\/p>\n<\/div><div class=\"btClear btSeparator bottomSmallSpaced noBorder\" ><hr><\/div><a href=\"http:\/\/www.boracay.it\/animazione\/\" class=\"btBtn btBtn btnFilledStyle btnAccentColor btnSmall btnNormalWidth btnRightPosition btnNoIcon\" ><span class=\"btnInnerText\">En savoir plus<\/span><\/a><div class=\"btClear btSeparator bottomSemiSpaced noBorder\" ><hr><\/div><\/div><\/div><\/div><div class=\"rowItem col-md-6 col-sm-12 btTextLeft inherit btNoPadding wBackground cover\" style=\"background-image: url(https:\/\/www.boracay.it\/wp-content\/uploads\/2019\/01\/babysitting-hotel-boracay.jpg);\" data-width=\"6\"><div class=\"rowItemContent\" ><div class=\"rowItemContentInner\"><\/div><\/div><\/div><\/div><\/div><div class=\"boldRow \" ><div class=\"boldRowInner\"><div class=\"rowItem col-md-6 col-sm-12 btTextRight inherit btNoPadding wBackground cover\" style=\"background-image: url(https:\/\/www.boracay.it\/wp-content\/uploads\/2019\/01\/edicola-virtuale-alba-adriatica-hotel-boracay.jpg);\" data-width=\"6\"><div class=\"rowItemContent\" ><div class=\"rowItemContentInner\"><\/div><\/div><\/div><div class=\"rowItem col-md-6 col-sm-12 btTextLeft btTextIndent btMiddleVertical\" style=\"background-color: rgba(230, 230, 230, 1);\" data-width=\"6\"><div class=\"rowItemContent\" ><div class=\"rowItemContentInner\"><div class=\"btClear btSeparator bottomSemiSpaced noBorder\" ><hr><\/div><header class=\"header btClear large btDash topDash  btHeadlineDefaultColor btBottomDashDefaultColor\" ><div class=\"dash\"><div class=\"btSuperTitle\"><span>\u00c0 l&rsquo;int\u00e9rieur de la structure<\/span><\/div><h3><span class=\"headline\">Kiosque Virtuel<\/span><\/h3><\/div><\/header><div class=\"btIconImageRow\" ><span class=\"btIco btIcoDefaultType btIcoBigSize btIcoAccentColor\"><span  data-ico-cs=\"&#xe05b;\" class=\"btIcoHolder\"><\/span><\/span><span class=\"btIco btIcoDefaultType btIcoBigSize btIcoAccentColor\"><span  data-ico-cs=\"&#xe9a3;\" class=\"btIcoHolder\"><\/span><\/span><span class=\"btIco btIcoDefaultType btIcoBigSize btIcoAccentColor\"><span  data-ico-cs=\"&#xe9e5;\" class=\"btIcoHolder\"><\/span><\/span><\/div><div class=\"btClear btSeparator bottomSmallSpaced noBorder\" ><hr><\/div><div class=\"btText\" ><p>Nous offrons \u00e0 tous nos clients la possibilit\u00e9 d&rsquo;acc\u00e9der \u00e0 un kiosque virtuel exclusif (via le r\u00e9seau interne de l&rsquo;h\u00f4tel) o\u00f9 ils peuvent lire ou t\u00e9l\u00e9charger une vaste s\u00e9lection des journaux et magazines nationaux et internationaux les plus prestigieux.<\/p>\n<\/div><div class=\"btClear btSeparator bottomSmallSpaced noBorder\" ><hr><\/div><a href=\"#contatto\" class=\"btBtn btBtn btnFilledStyle btnAccentColor btnSmall btnNormalWidth btnRightPosition btnNoIcon\" ><span class=\"btnInnerText\">En savoir plus<\/span><\/a><div class=\"btClear btSeparator bottomSemiSpaced noBorder\" ><hr><\/div><\/div><\/div><\/div><\/div><\/div><div class=\"boldRow \" ><div class=\"boldRowInner\"><div class=\"rowItem col-md-6 col-sm-12 btTextLeft btTextIndent btMiddleVertical\" style=\"background-color: rgba(230, 230, 230, 1);\" data-width=\"6\"><div class=\"rowItemContent\" ><div class=\"rowItemContentInner\"><div class=\"btClear btSeparator bottomSemiSpaced noBorder\" ><hr><\/div><header class=\"header btClear large btDash topDash  btHeadlineDefaultColor btBottomDashDefaultColor\" ><div class=\"dash\"><div class=\"btSuperTitle\"><span>Hospitalit\u00e9 &amp; Organisation<\/span><\/div><h3><span class=\"headline\">Service de bar<\/span><\/h3><\/div><\/header><div class=\"btIconImageRow\" ><span class=\"btIco btIcoDefaultType btIcoBigSize btIcoAccentColor\"><span  data-ico-cs=\"&#xea2f;\" class=\"btIcoHolder\"><\/span><\/span><span class=\"btIco btIcoDefaultType btIcoBigSize btIcoAccentColor\"><span  data-ico-s7=\"&#xe67b;\" class=\"btIcoHolder\"><\/span><\/span><span class=\"btIco btIcoDefaultType btIcoBigSize btIcoAccentColor\"><span  data-ico-cs=\"&#xe9f3;\" class=\"btIcoHolder\"><\/span><\/span><\/div><div class=\"btClear btSeparator bottomSmallSpaced noBorder\" ><hr><\/div><div class=\"btText\" ><p>L&rsquo;H\u00f4tel Boracay vous propose un d\u00e9licieux service de Bar o\u00f9 vous pourrez d\u00e9guster de fabuleux ap\u00e9ritifs en toute d\u00e9tente accompagn\u00e9s de cocktails, propos\u00e9s par nos barmen, ou savourer et d\u00e9guster les meilleurs vins de notre r\u00e9gion!<\/p>\n<\/div><div class=\"btClear btSeparator bottomSmallSpaced noBorder\" ><hr><\/div><a href=\"#contatto\" class=\"btBtn btBtn btnFilledStyle btnAccentColor btnSmall btnNormalWidth btnRightPosition btnNoIcon\" ><span class=\"btnInnerText\">R\u00e9servez maintenant<\/span><\/a><div class=\"btClear btSeparator bottomSemiSpaced noBorder\" ><hr><\/div><\/div><\/div><\/div><div class=\"rowItem col-md-6 col-sm-12 btTextLeft inherit btNoPadding wBackground cover\" style=\"background-image: url(https:\/\/www.boracay.it\/wp-content\/uploads\/2019\/01\/ristorante-boracay-1-1.jpg);\" data-width=\"6\"><div class=\"rowItemContent\" ><div class=\"rowItemContentInner\"><\/div><\/div><\/div><\/div><\/div><div class=\"boldRow \" ><div class=\"boldRowInner\"><div class=\"rowItem col-md-6 col-sm-12 btTextRight inherit btNoPadding wBackground cover\" style=\"background-image: url(https:\/\/www.boracay.it\/wp-content\/uploads\/2019\/01\/servizio-biciclette-boracay.jpg);\" data-width=\"6\"><div class=\"rowItemContent\" ><div class=\"rowItemContentInner\"><\/div><\/div><\/div><div class=\"rowItem col-md-6 col-sm-12 btTextLeft btTextIndent btMiddleVertical\" style=\"background-color: rgba(230, 230, 230, 1);\" data-width=\"6\"><div class=\"rowItemContent\" ><div class=\"rowItemContentInner\"><div class=\"btClear btSeparator bottomSemiSpaced noBorder\" ><hr><\/div><header class=\"header btClear large btDash topDash  btHeadlineDefaultColor btBottomDashDefaultColor\" ><div class=\"dash\"><div class=\"btSuperTitle\"><span>Disponible pour nos clients<\/span><\/div><h3><span class=\"headline\">Service de v\u00e9los<\/span><\/h3><\/div><\/header><div class=\"btIconImageRow\" ><span class=\"btIco btIcoDefaultType btIcoBigSize btIcoAccentColor\"><span  data-ico-cs=\"&#xe05b;\" class=\"btIcoHolder\"><\/span><\/span><span class=\"btIco btIcoDefaultType btIcoBigSize btIcoAccentColor\"><span  data-ico-cs=\"&#xe9a3;\" class=\"btIcoHolder\"><\/span><\/span><span class=\"btIco btIcoDefaultType btIcoBigSize btIcoAccentColor\"><span  data-ico-cs=\"&#xe9e5;\" class=\"btIcoHolder\"><\/span><\/span><\/div><div class=\"btClear btSeparator bottomSmallSpaced noBorder\" ><hr><\/div><div class=\"btText\" ><p>L&rsquo;Hotel Boracay propose de nombreux services, notamment la possibilit\u00e9 de marcher le long du front de mer d&rsquo;Alba Adriatica avec l&rsquo;un de nos magnifiques v\u00e9los.<\/p>\n<\/div><div class=\"btClear btSeparator bottomSmallSpaced noBorder\" ><hr><\/div><a href=\"#contatto\" class=\"btBtn btBtn btnFilledStyle btnAccentColor btnSmall btnNormalWidth btnRightPosition btnNoIcon\" ><span class=\"btnInnerText\">R\u00e9servez maintenant<\/span><\/a><div class=\"btClear btSeparator bottomSemiSpaced noBorder\" ><hr><\/div><\/div><\/div><\/div><\/div><\/div><div class=\"boldRow \" ><div class=\"boldRowInner\"><div class=\"rowItem col-md-6 col-sm-12 btTextLeft btTextIndent btMiddleVertical\" style=\"background-color: rgba(230, 230, 230, 1);\" data-width=\"6\"><div class=\"rowItemContent\" ><div class=\"rowItemContentInner\"><div class=\"btClear btSeparator bottomSemiSpaced noBorder\" ><hr><\/div><header class=\"header btClear large btDash topDash  btHeadlineDefaultColor btBottomDashDefaultColor\" ><div class=\"dash\"><div class=\"btSuperTitle\"><span>Sur r\u00e9servation<\/span><\/div><h3><span class=\"headline\">Parking int\u00e9rieur<\/span><\/h3><\/div><\/header><div class=\"btIconImageRow\" ><span class=\"btIco btIcoDefaultType btIcoBigSize btIcoAccentColor\"><span  data-ico-s7=\"&#xe6ae;\" class=\"btIcoHolder\"><\/span><\/span><span class=\"btIco btIcoDefaultType btIcoBigSize btIcoAccentColor\"><span  data-ico-s7=\"&#xe608;\" class=\"btIcoHolder\"><\/span><\/span><\/div><div class=\"btClear btSeparator bottomSmallSpaced noBorder\" ><hr><\/div><div class=\"btText\" ><p>Parking ext\u00e9rieur gratuit sous r\u00e9serve de disponibilit\u00e9. Possibilit\u00e9 de garage couvert \u00e0 l&rsquo;int\u00e9rieur de l&rsquo;h\u00f4tel sur r\u00e9servation et paiement.<\/p>\n<\/div><div class=\"btClear btSeparator bottomSmallSpaced noBorder\" ><hr><\/div><a href=\"#contatto\" class=\"btBtn btBtn btnFilledStyle btnAccentColor btnSmall btnNormalWidth btnRightPosition btnNoIcon\" ><span class=\"btnInnerText\">R\u00e9servez maintenant<\/span><\/a><div class=\"btClear btSeparator bottomSemiSpaced noBorder\" ><hr><\/div><\/div><\/div><\/div><div class=\"rowItem col-md-6 col-sm-12 btTextLeft inherit btNoPadding wBackground cover\" style=\"background-image: url(https:\/\/www.boracay.it\/wp-content\/uploads\/2019\/02\/BORACAY-064.jpg);\" data-width=\"6\"><div class=\"rowItemContent\" ><div class=\"rowItemContentInner\"><\/div><\/div><\/div><\/div><\/div><\/div><\/div><\/div><\/section><section id=\"bt_section6a04d6783bc08\"  class=\"boldSection inherit\" ><div class=\"port\"><div class=\"boldCell\"><div class=\"boldCellInner\"><div class=\"boldRow \" ><div class=\"boldRowInner\"><div class=\"rowItem col-md-12 col-ms-12  btTextLeft\"  data-width=\"12\"><div class=\"rowItemContent\" ><div class=\"rowItemContentInner\"><div class=\"btText\" ><p><a id=\"contatto\" name=\"contatto\"><\/a><\/p>\n<section id=\"bt_section6a04d6783d890\"  class=\"boldSection gutter inherit wBackground cover\" style=\"background-image:url('https:\/\/www.boracay.it\/wp-content\/uploads\/2019\/01\/Albergo-Alba-adriatica-bg-contatti-2.jpg');\">\n<div class=\"port\">\n<div class=\"boldCell\">\n<div class=\"boldCellInner\">\n<div class=\"boldRow \" >\n<div class=\"boldRowInner\">\n<div class=\"rowItem col-md-6 col-sm-12 btTextLeft btTextIndent inherit\"  data-width=\"6\">\n<div class=\"rowItemContent\" >\n<div class=\"rowItemContentInner\">\n<div class=\"btClear btSeparator bottomSpaced noBorder\" >\n<hr>\n<\/div>\n<header class=\"header btClear extralarge btDash bottomDash  btHeadlineDefaultColor btBottomDashAccentColor\" >\n<div class=\"dash\">\n<h2><span class=\"headline\">R\u00e9servez vos vacances<\/span><\/h2>\n<\/div>\n<\/header>\n<div class=\"btText\" >\n<p>Pour plus d&rsquo;informations, demandez une estimation gratuite pour vos prochaines vacances \u00e0 la plage dans les Abruzzes ou pour toute autre demande, veuillez nous contacter aux adresses et adresses e-mail suivantes.<\/p>\n<\/div>\n<div class=\"btClear btSeparator topSmallSpaced noBorder\" >\n<hr>\n<\/div>\n<div class=\"servicesItem  btIcoAccentColorIcon btIcoMediumSizeIcon \" style=\"font-size:20px;\">\n<div class=\"sIcon\"><span class=\"btIco btIcoMediumSize btIcoFilledType btIcoAccentColor\"><span  data-ico-s7=\"&#xe670;\" class=\"btIcoHolder\"><\/span><\/span><\/div>\n<div class=\"sTxt\">\n<header class=\"header btClear medium\" >\n<div class=\"dash\">\n<h4><span class=\"headline\">T\u00e9l\u00e9phone<\/span><\/h4>\n<\/div>\n<\/header>\n<p>+39 0861 71 36 12<br \/>\n<br \/>+39 347 73 93 280<\/p>\n<\/div>\n<\/div>\n<div class=\"btClear btSeparator bottomSmallSpaced noBorder\" >\n<hr>\n<\/div>\n<div class=\"servicesItem  btIcoAccentColorIcon btIcoMediumSizeIcon \" style=\"font-size:20px;\">\n<div class=\"sIcon\"><span class=\"btIco btIcoMediumSize btIcoFilledType btIcoAccentColor\"><span  data-ico-s7=\"&#xe63a;\" class=\"btIcoHolder\"><\/span><\/span><\/div>\n<div class=\"sTxt\">\n<header class=\"header btClear medium\" >\n<div class=\"dash\">\n<h4><span class=\"headline\">Email<\/span><\/h4>\n<\/div>\n<\/header>\n<p>info@boracay.it<\/p>\n<\/div>\n<\/div>\n<div class=\"btClear btSeparator bottomSemiSpaced noBorder\" >\n<hr>\n<\/div>\n<\/div>\n<\/div>\n<\/div>\n<div class=\"rowItem col-md-6 col-sm-12 btTextLeft\"  data-width=\"6\">\n<div class=\"rowItemContent\" >\n<div class=\"rowItemContentInner\">\n<div class=\"btClear btSeparator bottomSpaced noBorder\" >\n<hr>\n<\/div>\n<header class=\"header btClear medium btDash bottomDash  btHeadlineDefaultColor btBottomDashAccentColor\" >\n<div class=\"dash\">\n<h4><span class=\"headline\">Demande d&rsquo;information<\/span><\/h4>\n<\/div>\n<\/header>\n<div class=\"btText\" >\n<div id=\"formContacto\"><\/div>\n<\/div>\n<div class=\"btClear btSeparator bottomSmallSpaced noBorder\" >\n<hr>\n<\/div>\n<\/div>\n<\/div>\n<\/div>\n<\/div>\n<\/div>\n<\/div>\n<\/div>\n<\/div>\n<\/section>\n<\/div><\/div><\/div><\/div><\/div><\/div><\/div><\/div><\/div><\/section>","protected":false},"excerpt":{"rendered":"","protected":false},"author":1,"featured_media":0,"parent":0,"menu_order":0,"comment_status":"closed","ping_status":"closed","template":"","meta":[],"_links":{"self":[{"href":"https:\/\/www.boracay.it\/fr\/wp-json\/wp\/v2\/pages\/2639\/"}],"collection":[{"href":"https:\/\/www.boracay.it\/fr\/wp-json\/wp\/v2\/pages\/"}],"about":[{"href":"https:\/\/www.boracay.it\/fr\/wp-json\/wp\/v2\/types\/page\/"}],"author":[{"embeddable":true,"href":"https:\/\/www.boracay.it\/fr\/wp-json\/wp\/v2\/users\/1\/"}],"replies":[{"embeddable":true,"href":"https:\/\/www.boracay.it\/fr\/wp-json\/wp\/v2\/comments\/?post=2639"}],"version-history":[{"count":3,"href":"https:\/\/www.boracay.it\/fr\/wp-json\/wp\/v2\/pages\/2639\/revisions\/"}],"predecessor-version":[{"id":4031,"href":"https:\/\/www.boracay.it\/fr\/wp-json\/wp\/v2\/pages\/2639\/revisions\/4031\/"}],"wp:attachment":[{"href":"https:\/\/www.boracay.it\/fr\/wp-json\/wp\/v2\/media\/?parent=2639"}],"curies":[{"name":"wp","href":"https:\/\/api.w.org\/{rel}","templated":true}]}}