{"id":2735,"date":"2019-01-14T17:11:53","date_gmt":"2019-01-14T16:11:53","guid":{"rendered":"http:\/\/www.boracay.it\/camere\/camera-bilocale\/"},"modified":"2019-02-14T12:12:06","modified_gmt":"2019-02-14T11:12:06","slug":"camera-bilocale","status":"publish","type":"page","link":"https:\/\/www.boracay.it\/de\/camere\/camera-bilocale\/","title":{"rendered":"Zwei-Zimmer"},"content":{"rendered":"<section id=\"bt_section69d7aca5e6326\"  class=\"boldSection btDarkSkin inherit\" ><div class=\"port\"><div class=\"boldCell\"><div class=\"boldCellInner\"><div class=\"boldRow \" ><div class=\"boldRowInner\"><div class=\"rowItem col-md-12 col-ms-12  btTextRight inherit\"  data-width=\"12\"><div class=\"rowItemContent\" ><div class=\"rowItemContentInner\"><div class=\"slided autoSliderHeight btSliderHidePaging btCarouselSmallNav\"  data-slick='{\"autoplay\":true,\"autoplaySpeed\":3000,\"pauseOnHover\":false,\"pauseOnDotsHover\":true}'data-simple_arrows=\"yes\"><div class=\"slidedItem firstItem\"  data-thumb=\"https:\/\/www.boracay.it\/wp-content\/uploads\/2019\/01\/camera-standard-1-320x234.jpg\"><div class=\"btSliderPort wBackground cover\" style=\"background-image: url('https:\/\/www.boracay.it\/wp-content\/uploads\/2019\/01\/camera-standard-1.jpg')\"><div class=\"btSliderCell\" data-slick=\"yes\"><div class=\"btSlideGutter\"><div class=\"btSlidePane\"><div class=\"btClear btSeparator topExtraSpaced bottomSpaced noBorder\" ><hr><\/div><div class=\"btClear btSeparator topExtraSpaced bottomSpaced noBorder\" ><hr><\/div><div class=\"btClear btSeparator topSpaced noBorder\" ><hr><\/div><header class=\"header btClear extralarge btDash topDash  btHeadlineDefaultColor btBottomDashDefaultColor\" ><div class=\"dash\"><div class=\"btSuperTitle\"><span>Zimmer<\/span><\/div><h2><span class=\"headline\">Zwei<\/span><\/h2><\/div><\/header><div class=\"btClear btSeparator topSmallSpaced noBorder\" ><hr><\/div><\/div><\/div><\/div><\/div><\/div><div class=\"slidedItem firstItem\"  data-thumb=\"https:\/\/www.boracay.it\/wp-content\/uploads\/2019\/01\/doppia-03-320x234.jpg\"><div class=\"btSliderPort wBackground cover\" style=\"background-image: url('https:\/\/www.boracay.it\/wp-content\/uploads\/2019\/01\/doppia-03.jpg')\"><div class=\"btSliderCell\" data-slick=\"yes\"><div class=\"btSlideGutter\"><div class=\"btSlidePane\"><div class=\"btClear btSeparator topExtraSpaced bottomSpaced noBorder\" ><hr><\/div><div class=\"btClear btSeparator topExtraSpaced bottomSpaced noBorder\" ><hr><\/div><div class=\"btClear btSeparator topSpaced noBorder\" ><hr><\/div><header class=\"header btClear extralarge btDash topDash  btHeadlineDefaultColor btBottomDashDefaultColor\" ><div class=\"dash\"><div class=\"btSuperTitle\"><span>Zimmer<\/span><\/div><h2><span class=\"headline\">Zwei<\/span><\/h2><\/div><\/header><div class=\"btClear btSeparator topSmallSpaced noBorder\" ><hr><\/div><\/div><\/div><\/div><\/div><\/div><div class=\"slidedItem firstItem\"  data-thumb=\"https:\/\/www.boracay.it\/wp-content\/uploads\/2019\/01\/camera-standard-3-320x234.jpg\"><div class=\"btSliderPort wBackground cover\" style=\"background-image: url('https:\/\/www.boracay.it\/wp-content\/uploads\/2019\/01\/camera-standard-3.jpg')\"><div class=\"btSliderCell\" data-slick=\"yes\"><div class=\"btSlideGutter\"><div class=\"btSlidePane\"><div class=\"btClear btSeparator topExtraSpaced bottomSpaced noBorder\" ><hr><\/div><div class=\"btClear btSeparator topExtraSpaced bottomSpaced noBorder\" ><hr><\/div><div class=\"btClear btSeparator topSpaced noBorder\" ><hr><\/div><header class=\"header btClear extralarge btDash topDash  btHeadlineDefaultColor btBottomDashDefaultColor\" ><div class=\"dash\"><div class=\"btSuperTitle\"><span>Zimmer<\/span><\/div><h2><span class=\"headline\">Zwei<\/span><\/h2><\/div><\/header><div class=\"btClear btSeparator topSmallSpaced noBorder\" ><hr><\/div><\/div><\/div><\/div><\/div><\/div><\/div><\/div><\/div><\/div><\/div><\/div><\/div><\/div><\/div><\/section><section id=\"bt_section69d7aca5e7df5\"  class=\"boldSection bottomSpaced gutter inherit\" ><div class=\"port\"><div class=\"boldCell\"><div class=\"boldCellInner\"><div class=\"boldRow \" ><div class=\"boldRowInner\"><div class=\"rowItem col-md-12 col-ms-12  btTextCenter inherit\"  data-width=\"12\"><div class=\"rowItemContent\" ><div class=\"rowItemContentInner\"><div class=\"bpgPhoto \"  style=\"width: 60px; margin-top: -28px;\"><div class = \"btImage\"><img src=\"https:\/\/www.boracay.it\/wp-content\/uploads\/2019\/01\/ico-boracay-hoyel.png\" alt=\"\" ><\/div><\/div><div class=\"btClear btSeparator topSpaced noBorder\" ><hr><\/div><\/div><\/div><\/div><\/div><\/div><div class=\"boldRow \" ><div class=\"boldRowInner\"><div class=\"rowItem col-md-4 col-ms-12 btTextLeft inherit\"  data-width=\"4\"><div class=\"rowItemContent\" ><div class=\"rowItemContentInner\"><header class=\"header btClear extralarge btDash topDash  btHeadlineDefaultColor btBottomDashDefaultColor\" ><div class=\"dash\"><div class=\"btSuperTitle\"><span>Hotel Boracay 3 Sterne<\/span><\/div><h2><span class=\"headline\">Zwei-Zimmer<\/span><\/h2><\/div><\/header><div class=\"boldRow \" ><div class=\"boldRowInner\"><div class=\"rowItem rowInnerItem col-ms-12  btTextLeft btHighlight inherit btTextIndent\"  ><div class=\"rowItemContent\"><div class=\"rowItemContentInner\"><div class=\"btClear btSeparator topSemiSpaced noBorder\" ><hr><\/div><header class=\"header btClear medium  btHeadlineDefaultColor btBottomDashDefaultColor\" ><div class=\"dash\"><h4><span class=\"headline\">Dienstleistungen<\/span><\/h4><\/div><\/header><div class=\"btClear btSeparator topExtraSmallSpaced noBorder\" ><hr><\/div><div class=\"btIconImageRow\" ><span class=\"btIco btIcoDefaultType btIcoMediumSize btIcoAccentColor\"><span  data-ico-ha=\"&#xf156;\" class=\"btIcoHolder\"><\/span><\/span><span class=\"btIco btIcoDefaultType btIcoMediumSize btIcoAccentColor\"><span  data-ico-ha=\"&#xf103;\" class=\"btIcoHolder\"><\/span><\/span><span class=\"btIco btIcoDefaultType btIcoMediumSize btIcoAccentColor\"><span  data-ico-cs=\"&#xea53;\" class=\"btIcoHolder\"><\/span><\/span><span class=\"btIco btIcoDefaultType btIcoMediumSize btIcoAccentColor\"><span  data-ico-ha=\"&#xf106;\" class=\"btIcoHolder\"><\/span><\/span><span class=\"btIco btIcoDefaultType btIcoMediumSize btIcoAccentColor\"><span  data-ico-ha=\"&#xf14d;\" class=\"btIcoHolder\"><\/span><\/span><span class=\"btIco btIcoDefaultType btIcoMediumSize btIcoAccentColor\"><span  data-ico-ha=\"&#xf101;\" class=\"btIcoHolder\"><\/span><\/span><\/div><div class=\"btClear btSeparator topSmallSpaced bottomSmallSpaced border\" ><hr><\/div><div class=\"btText\" ><p>Heizung<br \/>\nPrivatparkplatz<br \/>\nTelefon<br \/>\nKostenloses Wi-Fi<br \/>\nLCD Fernseher<br \/>\nSafe<br \/>\n24h Service<\/p>\n<\/div><div class=\"btClear btSeparator topSmallSpaced noBorder\" ><hr><\/div><\/div><\/div><\/div><\/div><\/div><div class=\"btClear btSeparator topSmallSpaced bottomExtraSmallSpaced noBorder\" ><hr><\/div><div class=\"boldRow \" ><div class=\"boldRowInner\"><div class=\"rowItem rowInnerItem col-ms-12  btTextCenter btMiddleVertical\"  ><div class=\"rowItemContent\"><div class=\"rowItemContentInner\"><a href=\"#contatto\" class=\"btBtn btBtn btnFilledStyle btnAccentColor btnMedium btnFullWidth btnInlinePosition btnNoIcon\" ><span class=\"btnInnerText\">JETZT BUCHEN<\/span><\/a><\/div><\/div><\/div><\/div><\/div><\/div><\/div><\/div><div class=\"rowItem col-md-8 col-ms-12 btTextLeft inherit\"  data-width=\"8\"><div class=\"rowItemContent\" ><div class=\"rowItemContentInner\"><div class=\"bpgPhoto  btHasComplexContent\" ><div class = \"btImage\"><img src=\"https:\/\/www.boracay.it\/wp-content\/uploads\/2019\/01\/camera-bilocale.jpg\" alt=\"camera bilocale\" ><\/div><\/div><div class=\"boldRow \" ><div class=\"boldRowInner\"><div class=\"rowItem rowInnerItem col-ms-12  btTextLeft inherit btTextIndent\"  ><div class=\"rowItemContent\"><div class=\"rowItemContentInner\"><div class=\"btText\" ><p>Die Bilo-Zimmer sind ger\u00e4umige Zwei-Zimmer-Apartments, die aus einem Schlafzimmer mit Doppelbett und einem Schlafzimmer mit Etagenbett bestehen. Die ideale Unterkunft f\u00fcr Familien, die in den gr\u00f6\u00dferen Zimmern unseres Hotels in Alba am Meer mit allem Platz wohnen k\u00f6nnen, den sie ben\u00f6tigen.<\/p>\n<p>Die Zimmer mit Kinderbetten sind die ideale Wahl f\u00fcr Familien mit kleinen Kindern, die einen angenehmen Urlaub in einem Strandhotel in Alba Adriatica verbringen m\u00f6chten, ohne auf den Komfort eines Zuhauses zu verzichten.<\/p>\n<\/div><div class=\"btClear btSeparator bottomSemiSpaced noBorder\" ><hr><\/div><div class=\"tilesWall btGridGallery tiled  btGridGap-20 lightbox\" data-col=\"4\"><div class=\"gridSizer\"><\/div><div class=\"gridItem btGhostSliderThumb bt11\" data-order-num=\"0\"><div class=\"btTileBox\"><div class=\"bpgPhoto \" > \r\n\t\t\t\t\t<a href=\"https:\/\/www.boracay.it\/wp-content\/uploads\/2019\/01\/camera-standard-2.jpg\" class=\"lightbox\" data-title=\"\"><\/a>\r\n\t\t\t\t\t<div class=\"boldPhotoBox\"><div class=\"bpbItem\"><div class = \"btImage\"><img src=\"https:\/\/www.boracay.it\/wp-content\/uploads\/2019\/01\/camera-standard-2-540x540.jpg\" alt=\"\" ><\/div><\/div><\/div>\r\n\t\t\t\t\t<div class=\"captionPane btDarkSkin\">\r\n\t\t\t\t\t\t<div class=\"captionTable\">\r\n\t\t\t\t\t\t\t<div class=\"captionCell\">\r\n\t\t\t\t\t\t\t\t<div class=\"captionTxt\"><\/div>\r\n\t\t\t\t\t\t\t<\/div>\r\n\t\t\t\t\t\t<\/div>\r\n\t\t\t\t\t<\/div><\/div><\/div><\/div><div class=\"gridItem btGhostSliderThumb bt11\" data-order-num=\"1\"><div class=\"btTileBox\"><div class=\"bpgPhoto \" > \r\n\t\t\t\t\t<a href=\"https:\/\/www.boracay.it\/wp-content\/uploads\/2019\/01\/camera-standard-1.jpg\" class=\"lightbox\" data-title=\"\"><\/a>\r\n\t\t\t\t\t<div class=\"boldPhotoBox\"><div class=\"bpbItem\"><div class = \"btImage\"><img src=\"https:\/\/www.boracay.it\/wp-content\/uploads\/2019\/01\/camera-standard-1-540x540.jpg\" alt=\"\" ><\/div><\/div><\/div>\r\n\t\t\t\t\t<div class=\"captionPane btDarkSkin\">\r\n\t\t\t\t\t\t<div class=\"captionTable\">\r\n\t\t\t\t\t\t\t<div class=\"captionCell\">\r\n\t\t\t\t\t\t\t\t<div class=\"captionTxt\"><\/div>\r\n\t\t\t\t\t\t\t<\/div>\r\n\t\t\t\t\t\t<\/div>\r\n\t\t\t\t\t<\/div><\/div><\/div><\/div><div class=\"gridItem btGhostSliderThumb bt11\" data-order-num=\"2\"><div class=\"btTileBox\"><div class=\"bpgPhoto \" > \r\n\t\t\t\t\t<a href=\"https:\/\/www.boracay.it\/wp-content\/uploads\/2019\/01\/camera-standard-3.jpg\" class=\"lightbox\" data-title=\"\"><\/a>\r\n\t\t\t\t\t<div class=\"boldPhotoBox\"><div class=\"bpbItem\"><div class = \"btImage\"><img src=\"https:\/\/www.boracay.it\/wp-content\/uploads\/2019\/01\/camera-standard-3-540x540.jpg\" alt=\"\" ><\/div><\/div><\/div>\r\n\t\t\t\t\t<div class=\"captionPane btDarkSkin\">\r\n\t\t\t\t\t\t<div class=\"captionTable\">\r\n\t\t\t\t\t\t\t<div class=\"captionCell\">\r\n\t\t\t\t\t\t\t\t<div class=\"captionTxt\"><\/div>\r\n\t\t\t\t\t\t\t<\/div>\r\n\t\t\t\t\t\t<\/div>\r\n\t\t\t\t\t<\/div><\/div><\/div><\/div><div class=\"gridItem btGhostSliderThumb bt11\" data-order-num=\"3\"><div class=\"btTileBox\"><div class=\"bpgPhoto \" > \r\n\t\t\t\t\t<a href=\"https:\/\/www.boracay.it\/wp-content\/uploads\/2019\/01\/hotel-boracay-5.jpg\" class=\"lightbox\" data-title=\"\"><\/a>\r\n\t\t\t\t\t<div class=\"boldPhotoBox\"><div class=\"bpbItem\"><div class = \"btImage\"><img src=\"https:\/\/www.boracay.it\/wp-content\/uploads\/2019\/01\/hotel-boracay-5-540x404.jpg\" alt=\"\" ><\/div><\/div><\/div>\r\n\t\t\t\t\t<div class=\"captionPane btDarkSkin\">\r\n\t\t\t\t\t\t<div class=\"captionTable\">\r\n\t\t\t\t\t\t\t<div class=\"captionCell\">\r\n\t\t\t\t\t\t\t\t<div class=\"captionTxt\"><\/div>\r\n\t\t\t\t\t\t\t<\/div>\r\n\t\t\t\t\t\t<\/div>\r\n\t\t\t\t\t<\/div><\/div><\/div><\/div><div class=\"gridItem btGhostSliderThumb bt11\" data-order-num=\"4\"><div class=\"btTileBox\"><div class=\"bpgPhoto \" > \r\n\t\t\t\t\t<a href=\"https:\/\/www.boracay.it\/wp-content\/uploads\/2019\/02\/web-Boracay_2012-039-1920.jpg\" class=\"lightbox\" data-title=\"\"><\/a>\r\n\t\t\t\t\t<div class=\"boldPhotoBox\"><div class=\"bpbItem\"><div class = \"btImage\"><img src=\"https:\/\/www.boracay.it\/wp-content\/uploads\/2019\/02\/web-Boracay_2012-039-1920-540x540.jpg\" alt=\"\" ><\/div><\/div><\/div>\r\n\t\t\t\t\t<div class=\"captionPane btDarkSkin\">\r\n\t\t\t\t\t\t<div class=\"captionTable\">\r\n\t\t\t\t\t\t\t<div class=\"captionCell\">\r\n\t\t\t\t\t\t\t\t<div class=\"captionTxt\"><\/div>\r\n\t\t\t\t\t\t\t<\/div>\r\n\t\t\t\t\t\t<\/div>\r\n\t\t\t\t\t<\/div><\/div><\/div><\/div><div class=\"gridItem btGhostSliderThumb bt11\" data-order-num=\"5\"><div class=\"btTileBox\"><div class=\"bpgPhoto \" > \r\n\t\t\t\t\t<a href=\"https:\/\/www.boracay.it\/wp-content\/uploads\/2019\/02\/web-BORACAY-091-1920.jpg\" class=\"lightbox\" data-title=\"Hotel Boracay\"><\/a>\r\n\t\t\t\t\t<div class=\"boldPhotoBox\"><div class=\"bpbItem\"><div class = \"btImage\"><img src=\"https:\/\/www.boracay.it\/wp-content\/uploads\/2019\/02\/web-BORACAY-091-1920-540x540.jpg\" alt=\"\" ><\/div><\/div><\/div>\r\n\t\t\t\t\t<div class=\"captionPane btDarkSkin\">\r\n\t\t\t\t\t\t<div class=\"captionTable\">\r\n\t\t\t\t\t\t\t<div class=\"captionCell\">\r\n\t\t\t\t\t\t\t\t<div class=\"captionTxt\"><header class=\"header btClear medium btDash topDash\" ><div class=\"dash\"><h4><span class=\"headline\">Hotel Boracay<\/span><\/h4><\/div><\/header><\/div>\r\n\t\t\t\t\t\t\t<\/div>\r\n\t\t\t\t\t\t<\/div>\r\n\t\t\t\t\t<\/div><\/div><\/div><\/div><div class=\"gridItem btGhostSliderThumb bt11\" data-order-num=\"6\"><div class=\"btTileBox\"><div class=\"bpgPhoto \" > \r\n\t\t\t\t\t<a href=\"https:\/\/www.boracay.it\/wp-content\/uploads\/2019\/02\/web-Boracay_2012-019-1920.jpg\" class=\"lightbox\" data-title=\"\"><\/a>\r\n\t\t\t\t\t<div class=\"boldPhotoBox\"><div class=\"bpbItem\"><div class = \"btImage\"><img src=\"https:\/\/www.boracay.it\/wp-content\/uploads\/2019\/02\/web-Boracay_2012-019-1920-540x540.jpg\" alt=\"\" ><\/div><\/div><\/div>\r\n\t\t\t\t\t<div class=\"captionPane btDarkSkin\">\r\n\t\t\t\t\t\t<div class=\"captionTable\">\r\n\t\t\t\t\t\t\t<div class=\"captionCell\">\r\n\t\t\t\t\t\t\t\t<div class=\"captionTxt\"><\/div>\r\n\t\t\t\t\t\t\t<\/div>\r\n\t\t\t\t\t\t<\/div>\r\n\t\t\t\t\t<\/div><\/div><\/div><\/div><\/div><\/div><\/div><\/div><\/div><\/div><\/div><\/div><\/div><\/div><\/div><\/div><\/div><\/div><\/section><section id=\"bt_section69d7aca5ec8f2\"  class=\"boldSection btDarkSkin gutter inherit\" style=\"background-color:#b71234;\"><div class=\"port\"><div class=\"boldCell\"><div class=\"boldCellInner\"><div class=\"boldRow \" ><div class=\"boldRowInner\"><div class=\"rowItem col-md-12 col-ms-12  btTextLeft\"  data-width=\"12\"><div class=\"rowItemContent\" ><div class=\"rowItemContentInner\"><div class=\"btClear btSeparator bottomSemiSpaced noBorder\" ><hr><\/div><div class=\"btText\" ><div class=\"btText\">\n<blockquote><p>Die Bilo-Zimmer sind ger\u00e4umige Zwei-Zimmer-Apartments, die aus einem Doppel- und einem Schlafzimmer mit Etagenbetten bestehen. Die ideale Unterkunft f\u00fcr Familien!<\/p><\/blockquote>\n<\/div>\n<\/div><div class=\"btClear btSeparator bottomSmallSpaced noBorder\" ><hr><\/div><\/div><\/div><\/div><\/div><\/div><\/div><\/div><\/div><\/section><section id=\"bt_section69d7aca5ecf77\"  class=\"boldSection topSemiSpaced bottomSemiSpaced gutter inherit\" ><div class=\"port\"><div class=\"boldCell\"><div class=\"boldCellInner\"><div class=\"boldRow \" ><div class=\"boldRowInner\"><div class=\"rowItem col-md-12 col-ms-12  btTextLeft\"  data-width=\"12\"><div class=\"rowItemContent\" ><div class=\"rowItemContentInner\"><div class=\"btText\" ><p class=\"attachment\"><a href='https:\/\/www.boracay.it\/wp-content\/uploads\/2019\/02\/web-Boracay_2012-019-1920.jpg'><img width=\"320\" height=\"173\" src=\"https:\/\/www.boracay.it\/wp-content\/uploads\/2019\/02\/web-Boracay_2012-019-1920-320x173.jpg\" class=\"attachment-medium size-medium\" alt=\"\" loading=\"lazy\" srcset=\"https:\/\/www.boracay.it\/wp-content\/uploads\/2019\/02\/web-Boracay_2012-019-1920-320x173.jpg 320w, https:\/\/www.boracay.it\/wp-content\/uploads\/2019\/02\/web-Boracay_2012-019-1920-768x415.jpg 768w, https:\/\/www.boracay.it\/wp-content\/uploads\/2019\/02\/web-Boracay_2012-019-1920-1200x648.jpg 1200w, https:\/\/www.boracay.it\/wp-content\/uploads\/2019\/02\/web-Boracay_2012-019-1920-540x292.jpg 540w, https:\/\/www.boracay.it\/wp-content\/uploads\/2019\/02\/web-Boracay_2012-019-1920.jpg 1920w\" sizes=\"(max-width: 320px) 100vw, 320px\" \/><\/a><\/p>\n<section id=\"bt_section69d7aca5ee230\"  class=\"boldSection topSemiSpaced bottomSemiSpaced gutter inherit\" ><div class=\"port\"><div class=\"boldCell\"><div class=\"boldCellInner\"><div class=\"boldRow \" ><div class=\"boldRowInner\"><div class=\"rowItem col-md-12 col-ms-12  btTextLeft inherit\"  data-width=\"12\"><div class=\"rowItemContent\" ><div class=\"rowItemContentInner\"><div class=\"boldRow \" ><div class=\"boldRowInner\"><div class=\"rowItem rowInnerItem col-ms-4  btTextLeft inherit btTextIndent\"  ><div class=\"rowItemContent\"><div class=\"rowItemContentInner\"><div class=\"btIconImageRow\" ><span class=\"btIco btIcoDefaultType btIcoLargeSize btIcoAccentColor\"><span  data-ico-s7=\"&#xe60e;\" class=\"btIcoHolder\"><\/span><\/span><\/div><div class=\"btClear btSeparator topSmallSpaced noBorder\" ><hr><\/div><header class=\"header btClear small btDash bottomDash  btHeadlineDefaultColor btBottomDashAccentColor\" ><div class=\"dash\"><h5><span class=\"headline\">Panorama-Solarium mit Whirlpool<\/span><\/h5><\/div><div class=\"btSubTitle\">Unter den vielen Dienstleistungen, die das Hotel Boracay anbietet, m\u00f6chten wir uns an das Panorama-Solarium mit Whirlpool erinnern<\/div><\/header><div class=\"btClear btSeparator topSemiSpaced noBorder\" ><hr><\/div><\/div><\/div><\/div><div class=\"rowItem rowInnerItem col-ms-4  btTextLeft inherit btTextIndent\"  ><div class=\"rowItemContent\"><div class=\"rowItemContentInner\"><div class=\"btIconImageRow\" ><span class=\"btIco btIcoDefaultType btIcoLargeSize btIcoAccentColor\"><span  data-ico-s7=\"&#xe6ae;\" class=\"btIcoHolder\"><\/span><\/span><\/div><div class=\"btClear btSeparator topSmallSpaced noBorder\" ><hr><\/div><header class=\"header btClear small btDash bottomDash  btHeadlineDefaultColor btBottomDashAccentColor\" ><div class=\"dash\"><h5><span class=\"headline\">Shuttle zum Strand<\/span><\/h5><\/div><div class=\"btSubTitle\">F\u00fcr den Transfer vom Hotel zum Chalet bieten wir einen bequemen Shuttle.<\/div><\/header><div class=\"btClear btSeparator topSemiSpaced noBorder\" ><hr><\/div><\/div><\/div><\/div><div class=\"rowItem rowInnerItem col-ms-4  btTextLeft inherit btTextIndent\"  ><div class=\"rowItemContent\"><div class=\"rowItemContentInner\"><div class=\"btIconImageRow\" ><span class=\"btIco btIcoDefaultType btIcoLargeSize btIcoAccentColor\"><span  data-ico-s7=\"&#xe675;\" class=\"btIcoHolder\"><\/span><\/span><\/div><div class=\"btClear btSeparator topSmallSpaced noBorder\" ><hr><\/div><header class=\"header btClear small btDash bottomDash  btHeadlineDefaultColor btBottomDashAccentColor\" ><div class=\"dash\"><h5><span class=\"headline\">Digitaler Kiosk<\/span><\/h5><\/div><div class=\"btSubTitle\">Virtueller Kiosk, an dem Sie kostenlos eine gro\u00dfe Auswahl der renommiertesten Zeitungen lesen k\u00f6nnen<\/div><\/header><div class=\"btClear btSeparator topSemiSpaced noBorder\" ><hr><\/div><\/div><\/div><\/div><\/div><\/div><div class=\"boldRow \" ><div class=\"boldRowInner\"><div class=\"rowItem rowInnerItem col-ms-4  btTextLeft inherit btTextIndent\"  ><div class=\"rowItemContent\"><div class=\"rowItemContentInner\"><div class=\"btIconImageRow\" ><span class=\"btIco btIcoDefaultType btIcoLargeSize btIcoAccentColor\"><span  data-ico-cs=\"&#xea53;\" class=\"btIcoHolder\"><\/span><\/span><\/div><div class=\"btClear btSeparator topSmallSpaced noBorder\" ><hr><\/div><header class=\"header btClear small btDash bottomDash  btHeadlineDefaultColor btBottomDashAccentColor\" ><div class=\"dash\"><h5><span class=\"headline\">Kostenloses Wi-Fi<\/span><\/h5><\/div><div class=\"btSubTitle\">Das gesamte Hotel verf\u00fcgt \u00fcber ein internes WLAN mit kostenfreiem Internetzugang<\/div><\/header><div class=\"btClear btSeparator topSemiSpaced noBorder\" ><hr><\/div><\/div><\/div><\/div><div class=\"rowItem rowInnerItem col-ms-4  btTextLeft inherit btTextIndent\"  ><div class=\"rowItemContent\"><div class=\"rowItemContentInner\"><div class=\"btIconImageRow\" ><span class=\"btIco btIcoDefaultType btIcoLargeSize btIcoAccentColor\"><span  data-ico-cs=\"&#xea1a;\" class=\"btIcoHolder\"><\/span><\/span><\/div><div class=\"btClear btSeparator topSmallSpaced noBorder\" ><hr><\/div><header class=\"header btClear small btDash bottomDash  btHeadlineDefaultColor btBottomDashAccentColor\" ><div class=\"dash\"><h5><span class=\"headline\">Babysitter<\/span><\/h5><\/div><div class=\"btSubTitle\">Das Boracay ist ideal f\u00fcr Familien mit Kindern. Ab diesem Jahr ist ein &#8222;Baby Sitting&#8222; -Dienst aktiv<\/div><\/header><div class=\"btClear btSeparator topSemiSpaced noBorder\" ><hr><\/div><\/div><\/div><\/div><div class=\"rowItem rowInnerItem col-ms-4  btTextLeft inherit btTextIndent\"  ><div class=\"rowItemContent\"><div class=\"rowItemContentInner\"><div class=\"btIconImageRow\" ><span class=\"btIco btIcoDefaultType btIcoLargeSize btIcoAccentColor\"><span  data-ico-s7=\"&#xe676;\" class=\"btIcoHolder\"><\/span><\/span><\/div><div class=\"btClear btSeparator topSmallSpaced noBorder\" ><hr><\/div><header class=\"header btClear small btDash bottomDash  btHeadlineDefaultColor btBottomDashAccentColor\" ><div class=\"dash\"><h5><span class=\"headline\">Fahrradverleih<\/span><\/h5><\/div><div class=\"btSubTitle\">M\u00f6glichkeit, entlang der Promenade von Alba Adriatica mit einem unserer sch\u00f6nen Fahrr\u00e4der zu spazieren<\/div><\/header><div class=\"btClear btSeparator topSemiSpaced noBorder\" ><hr><\/div><\/div><\/div><\/div><\/div><\/div><\/div><\/div><\/div><\/div><\/div><\/div><\/div><\/div><\/section><\/div><\/div><\/div><\/div><\/div><\/div><\/div><\/div><\/div><\/section><section id=\"bt_section69d7aca5f11cf\"  class=\"boldSection inherit\" ><div class=\"port\"><div class=\"boldCell\"><div class=\"boldCellInner\"><div class=\"boldRow \" ><div class=\"boldRowInner\"><div class=\"rowItem col-md-12 col-ms-12  btTextLeft\"  data-width=\"12\"><div class=\"rowItemContent\" ><div class=\"rowItemContentInner\"><div class=\"btText\" ><p><a id=\"contatto\" name=\"contatto\"><\/a><\/p>\n<p class=\"attachment\"><a href='https:\/\/www.boracay.it\/wp-content\/uploads\/2019\/02\/web-Boracay_2012-019-1920.jpg'><img width=\"320\" height=\"173\" src=\"https:\/\/www.boracay.it\/wp-content\/uploads\/2019\/02\/web-Boracay_2012-019-1920-320x173.jpg\" class=\"attachment-medium size-medium\" alt=\"\" loading=\"lazy\" srcset=\"https:\/\/www.boracay.it\/wp-content\/uploads\/2019\/02\/web-Boracay_2012-019-1920-320x173.jpg 320w, https:\/\/www.boracay.it\/wp-content\/uploads\/2019\/02\/web-Boracay_2012-019-1920-768x415.jpg 768w, https:\/\/www.boracay.it\/wp-content\/uploads\/2019\/02\/web-Boracay_2012-019-1920-1200x648.jpg 1200w, https:\/\/www.boracay.it\/wp-content\/uploads\/2019\/02\/web-Boracay_2012-019-1920-540x292.jpg 540w, https:\/\/www.boracay.it\/wp-content\/uploads\/2019\/02\/web-Boracay_2012-019-1920.jpg 1920w\" sizes=\"(max-width: 320px) 100vw, 320px\" \/><\/a><\/p>\n<section id=\"bt_section69d7aca5f24aa\"  class=\"boldSection gutter inherit wBackground cover\" style=\"background-image:url('https:\/\/www.boracay.it\/wp-content\/uploads\/2019\/01\/Albergo-Alba-adriatica-bg-contatti-2.jpg');\">\n<div class=\"port\">\n<div class=\"boldCell\">\n<div class=\"boldCellInner\">\n<div class=\"boldRow \" >\n<div class=\"boldRowInner\">\n<div class=\"rowItem col-md-6 col-sm-12 btTextLeft btTextIndent inherit\"  data-width=\"6\">\n<div class=\"rowItemContent\" >\n<div class=\"rowItemContentInner\">\n<div class=\"btClear btSeparator bottomSpaced noBorder\" >\n<hr>\n<\/div>\n<header class=\"header btClear extralarge btDash bottomDash  btHeadlineDefaultColor btBottomDashAccentColor\" >\n<div class=\"dash\">\n<h2><span class=\"headline\">Buchen Sie Ihren Urlaub<\/span><\/h2>\n<\/div>\n<\/header>\n<div class=\"btText\" >\n<p>F\u00fcr weitere Informationen fordern Sie bitte einen kostenlosen Kostenvoranschlag f\u00fcr Ihren n\u00e4chsten Strandurlaub in Abruzzen an oder wenden Sie sich f\u00fcr eine andere Anfrage an folgende Adressen und E-Mail-Adressen.<\/p>\n<\/div>\n<div class=\"btClear btSeparator topSmallSpaced noBorder\" >\n<hr>\n<\/div>\n<div class=\"servicesItem  btIcoAccentColorIcon btIcoMediumSizeIcon \" style=\"font-size:20px;\">\n<div class=\"sIcon\"><span class=\"btIco btIcoMediumSize btIcoFilledType btIcoAccentColor\"><span  data-ico-s7=\"&#xe670;\" class=\"btIcoHolder\"><\/span><\/span><\/div>\n<div class=\"sTxt\">\n<header class=\"header btClear medium\" >\n<div class=\"dash\">\n<h4><span class=\"headline\">Telefon<\/span><\/h4>\n<\/div>\n<\/header>\n<p>+39 0861 71 36 12<br \/>\n<br \/>+39 347 73 93 280<\/p>\n<\/div>\n<\/div>\n<div class=\"btClear btSeparator bottomSmallSpaced noBorder\" >\n<hr>\n<\/div>\n<div class=\"servicesItem  btIcoAccentColorIcon btIcoMediumSizeIcon \" style=\"font-size:20px;\">\n<div class=\"sIcon\"><span class=\"btIco btIcoMediumSize btIcoFilledType btIcoAccentColor\"><span  data-ico-s7=\"&#xe63a;\" class=\"btIcoHolder\"><\/span><\/span><\/div>\n<div class=\"sTxt\">\n<header class=\"header btClear medium\" >\n<div class=\"dash\">\n<h4><span class=\"headline\">Email<\/span><\/h4>\n<\/div>\n<\/header>\n<p>info@boracay.it<\/p>\n<\/div>\n<\/div>\n<div class=\"btClear btSeparator bottomSemiSpaced noBorder\" >\n<hr>\n<\/div>\n<\/div>\n<\/div>\n<\/div>\n<div class=\"rowItem col-md-6 col-sm-12 btTextLeft\"  data-width=\"6\">\n<div class=\"rowItemContent\" >\n<div class=\"rowItemContentInner\">\n<div class=\"btClear btSeparator bottomSpaced noBorder\" >\n<hr>\n<\/div>\n<header class=\"header btClear medium btDash bottomDash  btHeadlineDefaultColor btBottomDashAccentColor\" >\n<div class=\"dash\">\n<h4><span class=\"headline\">Informationen anfordern<\/span><\/h4>\n<\/div>\n<\/header>\n<div class=\"btText\" >\n<div id=\"formContacto\"><\/div>\n<\/div>\n<div class=\"btClear btSeparator bottomSmallSpaced noBorder\" >\n<hr>\n<\/div>\n<\/div>\n<\/div>\n<\/div>\n<\/div>\n<\/div>\n<\/div>\n<\/div>\n<\/div>\n<\/section>\n<\/div><\/div><\/div><\/div><\/div><\/div><\/div><\/div><\/div><\/section>","protected":false},"excerpt":{"rendered":"","protected":false},"author":1,"featured_media":0,"parent":2659,"menu_order":0,"comment_status":"closed","ping_status":"closed","template":"","meta":[],"_links":{"self":[{"href":"https:\/\/www.boracay.it\/de\/wp-json\/wp\/v2\/pages\/2735\/"}],"collection":[{"href":"https:\/\/www.boracay.it\/de\/wp-json\/wp\/v2\/pages\/"}],"about":[{"href":"https:\/\/www.boracay.it\/de\/wp-json\/wp\/v2\/types\/page\/"}],"author":[{"embeddable":true,"href":"https:\/\/www.boracay.it\/de\/wp-json\/wp\/v2\/users\/1\/"}],"replies":[{"embeddable":true,"href":"https:\/\/www.boracay.it\/de\/wp-json\/wp\/v2\/comments\/?post=2735"}],"version-history":[{"count":2,"href":"https:\/\/www.boracay.it\/de\/wp-json\/wp\/v2\/pages\/2735\/revisions\/"}],"predecessor-version":[{"id":2748,"href":"https:\/\/www.boracay.it\/de\/wp-json\/wp\/v2\/pages\/2735\/revisions\/2748\/"}],"up":[{"embeddable":true,"href":"https:\/\/www.boracay.it\/de\/wp-json\/wp\/v2\/pages\/2659\/"}],"wp:attachment":[{"href":"https:\/\/www.boracay.it\/de\/wp-json\/wp\/v2\/media\/?parent=2735"}],"curies":[{"name":"wp","href":"https:\/\/api.w.org\/{rel}","templated":true}]}}