{"id":2659,"date":"2019-01-11T10:05:49","date_gmt":"2019-01-11T09:05:49","guid":{"rendered":"http:\/\/www.boracay.it\/camere\/"},"modified":"2019-02-14T10:52:40","modified_gmt":"2019-02-14T09:52:40","slug":"camere","status":"publish","type":"page","link":"https:\/\/www.boracay.it\/de\/camere\/","title":{"rendered":"Zimmer"},"content":{"rendered":"<section id=\"bt_section69e3b4636b87d\"  class=\"boldSection topExtraSpaced bottomSpaced btDarkSkin gutter inherit wBackground cover\" style=\"background-image:url('https:\/\/www.boracay.it\/wp-content\/uploads\/2019\/01\/06.jpg');\"><div class=\"port\"><div class=\"boldCell\"><div class=\"boldCellInner\"><div class=\"boldRow \" ><div class=\"boldRowInner\"><div class=\"rowItem col-md-12 col-ms-12  btTextLeft\"  data-width=\"12\"><div class=\"rowItemContent\" ><div class=\"rowItemContentInner\"><div class=\"btClear btSeparator topSemiSpaced noBorder\" ><hr><\/div><\/div><\/div><\/div><\/div><\/div><div class=\"boldRow \" ><div class=\"boldRowInner\"><div class=\"rowItem col-md-6 col-sm-12 btTextLeft btMiddleVertical\"  data-width=\"6\"><div class=\"rowItemContent\" ><div class=\"rowItemContentInner\"><div class=\"btClear btSeparator topSpaced bottomSpaced noBorder\" ><hr><\/div><\/div><\/div><\/div><div class=\"rowItem col-md-6 col-sm-12 btTextLeft\"  data-width=\"6\"><div class=\"rowItemContent\" ><div class=\"rowItemContentInner\"><\/div><\/div><\/div><\/div><\/div><\/div><\/div><\/div><\/section><section id=\"bt_section69e3b4636be82\"  class=\"boldSection topSpaced bottomSemiSpaced gutter inherit\" ><div class=\"port\"><div class=\"boldCell\"><div class=\"boldCellInner\"><div class=\"boldRow \" ><div class=\"boldRowInner\"><div class=\"rowItem col-md-12 col-ms-12  btTextLeft btMiddleVertical\"  data-width=\"12\"><div class=\"rowItemContent\" ><div class=\"rowItemContentInner\"><header class=\"header btClear extralarge btDash bottomDash  btHeadlineDefaultColor btBottomDashAccentColor\" ><div class=\"dash\"><div class=\"btSuperTitle\"><span>Zimmer <i> &amp; <\/i> Suiten<\/span><\/div><h2><span class=\"headline\">3-Sterne-Hotel am Meer f\u00fcr Ferien in Alba Adriatica<\/span><\/h2><\/div><div class=\"btSubTitle\">F\u00fcr Ihren Urlaub in Alba Adriatica bietet das Hotel Boracay Zimmer und Suiten, die mit jeglichem Komfort ausgestattet sind. Die ideale Schlie\u00dfung nach einem Tag am Meer, nur 150 Meter vom Hotel entfernt.<\/div><\/header><div class=\"btClear btSeparator bottomSemiSpaced noBorder\" ><hr><\/div><\/div><\/div><\/div><\/div><\/div><div class=\"boldRow \" ><div class=\"boldRowInner\"><div class=\"rowItem col-md-4 col-ms-12 btTextLeft btTextIndent btMiddleVertical btDoublePadding\"  data-width=\"4\"><div class=\"rowItemContent\" style = \"background-color: rgba(229, 229, 229, 1);\"><div class=\"rowItemContentInner\"><div class=\"btClear btSeparator bottomSmallSpaced noBorder\" ><hr><\/div><header class=\"header btClear large btDash topDash  btHeadlineDefaultColor btBottomDashDefaultColor\" ><div class=\"dash\"><div class=\"btSuperTitle\"><span>Zimmer<\/span><\/div><h3><span class=\"headline\">Standard<\/span><\/h3><\/div><div class=\"btSubTitle\">F\u00fcr Ihren <b> Urlaub in Alba Adriatica <\/b> bietet das <b> Hotel Boracay <\/b> Zimmer mit allem Komfort, die ideale Schlie\u00dfung nach einem Tag am Meer. Nur <b> 150 Meter vom Hotel entfernt <\/b>.<\/div><\/header><div class=\"btClear btSeparator bottomSmallSpaced noBorder\" ><hr><\/div><a href=\"http:\/\/www.boracay.it\/camere\/camera-standard\/\" class=\"btBtn btBtn btnFilledStyle btnAccentColor btnBig btnFullWidth btnInlinePosition btnNoIcon\" ><span class=\"btnInnerText\">MEHR ERFAHREN<\/span><\/a><div class=\"btClear btSeparator bottomSmallSpaced noBorder\" ><hr><\/div><\/div><\/div><\/div><div class=\"rowItem col-md-8 col-ms-12 btTextLeft\"  data-width=\"8\"><div class=\"rowItemContent\" ><div class=\"rowItemContentInner\"><div class=\"bpgPhoto  btHasComplexContent\" > \r\n\t\t\t\t\t<a href=\"https:\/\/www.boracay.it\/en\/camere\/camera-standard\/\" target=\"_self\"><\/a>\r\n\t\t\t\t\t<div class=\"boldPhotoBox\"><div class=\"bpbItem\"><div class = \"btImage\"><img src=\"https:\/\/www.boracay.it\/wp-content\/uploads\/2019\/01\/camera-standard-2-1.jpg\" alt=\"camera standard\" ><\/div><\/div><\/div>\r\n\t\t\t\t\t<div class=\"captionPane btDarkSkin\">\r\n\t\t\t\t\t\t<div class=\"captionTable\">\r\n\t\t\t\t\t\t\t<div class=\"captionCell\">\r\n\t\t\t\t\t\t\t\t<div class=\"captionTxt\"><header class=\"header btClear small btDash topDash  btHeadlineDefaultColor btBottomDashDefaultColor\" ><div class=\"dash\"><div class=\"btSuperTitle\"><span>Zimmerausstattung<\/span><\/div><\/div><\/header><div class=\"btClear btSeparator topExtraSmallSpaced bottomExtraSmallSpaced border\" ><hr><\/div><div class=\"btIconImageRow\" ><span class=\"btIco btIcoDefaultType btIcoMediumSize btIcoDefaultColor\"><span  data-ico-cs=\"&#xea18;\" class=\"btIcoHolder\"><\/span><\/span><span class=\"btIco btIcoDefaultType btIcoMediumSize btIcoDefaultColor\"><span  data-ico-cs=\"&#xe9c2;\" class=\"btIcoHolder\"><\/span><\/span><span class=\"btIco btIcoDefaultType btIcoMediumSize btIcoDefaultColor\"><span  data-ico-cs=\"&#xea2c;\" class=\"btIcoHolder\"><\/span><\/span><span class=\"btIco btIcoDefaultType btIcoMediumSize btIcoDefaultColor\"><span  data-ico-cs=\"&#xea1c;\" class=\"btIcoHolder\"><\/span><\/span><\/div><\/div>\r\n\t\t\t\t\t\t\t<\/div>\r\n\t\t\t\t\t\t<\/div>\r\n\t\t\t\t\t<\/div><\/div><\/div><\/div><\/div><\/div><\/div><div class=\"boldRow \" ><div class=\"boldRowInner\"><div class=\"rowItem col-md-12 col-ms-12  btTextLeft\"  data-width=\"12\"><div class=\"rowItemContent\" ><div class=\"rowItemContentInner\"><div class=\"btClear btSeparator topSmallSpaced noBorder\" ><hr><\/div><\/div><\/div><\/div><\/div><\/div><div class=\"boldRow \" ><div class=\"boldRowInner\"><div class=\"rowItem col-md-8 col-ms-12 btTextRight inherit\"  data-width=\"8\"><div class=\"rowItemContent\" ><div class=\"rowItemContentInner\"><div class=\"bpgPhoto  btHasComplexContent\" > \r\n\t\t\t\t\t<a href=\"https:\/\/www.boracay.it\/en\/camere\/camera-bilocale\/\" target=\"_self\"><\/a>\r\n\t\t\t\t\t<div class=\"boldPhotoBox\"><div class=\"bpbItem\"><div class = \"btImage\"><img src=\"https:\/\/www.boracay.it\/wp-content\/uploads\/2019\/01\/camera-bilocale-1.jpg\" alt=\"camera bilocale\" ><\/div><\/div><\/div>\r\n\t\t\t\t\t<div class=\"captionPane btDarkSkin\">\r\n\t\t\t\t\t\t<div class=\"captionTable\">\r\n\t\t\t\t\t\t\t<div class=\"captionCell\">\r\n\t\t\t\t\t\t\t\t<div class=\"captionTxt\"><header class=\"header btClear small btDash topDash  btHeadlineDefaultColor btBottomDashDefaultColor\" ><div class=\"dash\"><div class=\"btSuperTitle\"><span>Zimmerausstattung<\/span><\/div><\/div><\/header><div class=\"btClear btSeparator topExtraSmallSpaced bottomExtraSmallSpaced border\" ><hr><\/div><div class=\"btIconImageRow\" ><span class=\"btIco btIcoDefaultType btIcoMediumSize btIcoDefaultColor\"><span  data-ico-cs=\"&#xea18;\" class=\"btIcoHolder\"><\/span><\/span><span class=\"btIco btIcoDefaultType btIcoMediumSize btIcoDefaultColor\"><span  data-ico-cs=\"&#xe9c5;\" class=\"btIcoHolder\"><\/span><\/span><span class=\"btIco btIcoDefaultType btIcoMediumSize btIcoDefaultColor\"><span  data-ico-cs=\"&#xea1a;\" class=\"btIcoHolder\"><\/span><\/span><span class=\"btIco btIcoDefaultType btIcoMediumSize btIcoDefaultColor\"><span  data-ico-cs=\"&#xea1c;\" class=\"btIcoHolder\"><\/span><\/span><\/div><\/div>\r\n\t\t\t\t\t\t\t<\/div>\r\n\t\t\t\t\t\t<\/div>\r\n\t\t\t\t\t<\/div><\/div><\/div><\/div><\/div><div class=\"rowItem col-md-4 col-ms-12 btTextLeft btTextIndent btMiddleVertical btDoublePadding\"  data-width=\"4\"><div class=\"rowItemContent\" style = \"background-color: rgba(229, 229, 229, 1);\"><div class=\"rowItemContentInner\"><div class=\"btClear btSeparator bottomSmallSpaced noBorder\" ><hr><\/div><header class=\"header btClear large btDash topDash  btHeadlineDefaultColor btBottomDashDefaultColor\" ><div class=\"dash\"><div class=\"btSuperTitle\"><span>Zimmer<\/span><\/div><h3><span class=\"headline\">F\u00fcr zwei<\/span><\/h3><\/div><div class=\"btSubTitle\">Die Bilo-Zimmer sind <b> ger\u00e4umige Zwei-Zimmer-Apartments <\/b>, die aus einem Doppelzimmer und einem Schlafzimmer mit Etagenbetten bestehen. Die ideale Unterkunft f\u00fcr Familien ist in den gr\u00f6\u00dferen Zimmern unseres Hotels in Alba am Meer gelegen .<\/div><\/header><div class=\"btClear btSeparator bottomSmallSpaced noBorder\" ><hr><\/div><a href=\"http:\/\/www.boracay.it\/camere\/camera-bilocale\/\" class=\"btBtn btBtn btnFilledStyle btnAccentColor btnMedium btnFullWidth btnInlinePosition btnNoIcon\" ><span class=\"btnInnerText\">MEHR ERFAHREN<\/span><\/a><div class=\"btClear btSeparator bottomSmallSpaced noBorder\" ><hr><\/div><\/div><\/div><\/div><\/div><\/div><div class=\"boldRow \" ><div class=\"boldRowInner\"><div class=\"rowItem col-md-12 col-ms-12  btTextLeft\"  data-width=\"12\"><div class=\"rowItemContent\" ><div class=\"rowItemContentInner\"><div class=\"btClear btSeparator topSmallSpaced noBorder\" ><hr><\/div><\/div><\/div><\/div><\/div><\/div><div class=\"boldRow \" ><div class=\"boldRowInner\"><div class=\"rowItem col-md-4 col-ms-12 btTextLeft btTextIndent btMiddleVertical btDoublePadding\"  data-width=\"4\"><div class=\"rowItemContent\" style = \"background-color: rgba(229, 229, 229, 1);\"><div class=\"rowItemContentInner\"><div class=\"btClear btSeparator bottomSmallSpaced noBorder\" ><hr><\/div><header class=\"header btClear large btDash topDash  btHeadlineDefaultColor btBottomDashDefaultColor\" ><div class=\"dash\"><div class=\"btSuperTitle\"><span>Zimmer<\/span><\/div><h3><span class=\"headline\">Suite<\/span><\/h3><\/div><div class=\"btSubTitle\">Die <b> Suite Boracay <\/b> ist eher f\u00fcr diejenigen gedacht, die <b> das Maximum an Komfort und Wohlbefinden <\/b> w\u00fcnschen: <b> Whirlpool, hochwertige Pflege <\/b>, herausragende R\u00e4ume Raffinesse und Eleganz zeichnen die Suiten unseres Hotels mit Blick auf das Meer von Alba Adriatica aus.<\/div><\/header><div class=\"btClear btSeparator bottomSmallSpaced noBorder\" ><hr><\/div><a href=\"http:\/\/www.boracay.it\/camere\/camera-suite\/\" class=\"btBtn btBtn btnFilledStyle btnAccentColor btnMedium btnFullWidth btnInlinePosition btnNoIcon\" ><span class=\"btnInnerText\">MEHR ERFAHREN<\/span><\/a><div class=\"btClear btSeparator bottomSmallSpaced noBorder\" ><hr><\/div><\/div><\/div><\/div><div class=\"rowItem col-md-8 col-ms-12 btTextLeft\"  data-width=\"8\"><div class=\"rowItemContent\" ><div class=\"rowItemContentInner\"><div class=\"bpgPhoto  btHasComplexContent\" > \r\n\t\t\t\t\t<a href=\"https:\/\/www.boracay.it\/en\/camere\/camera-suite\/\" target=\"_self\"><\/a>\r\n\t\t\t\t\t<div class=\"boldPhotoBox\"><div class=\"bpbItem\"><div class = \"btImage\"><img src=\"https:\/\/www.boracay.it\/wp-content\/uploads\/2019\/01\/camera-suite-1.jpg\" alt=\"camera suite\" ><\/div><\/div><\/div>\r\n\t\t\t\t\t<div class=\"captionPane btDarkSkin\">\r\n\t\t\t\t\t\t<div class=\"captionTable\">\r\n\t\t\t\t\t\t\t<div class=\"captionCell\">\r\n\t\t\t\t\t\t\t\t<div class=\"captionTxt\"><header class=\"header btClear small btDash topDash  btHeadlineDefaultColor btBottomDashDefaultColor\" ><div class=\"dash\"><div class=\"btSuperTitle\"><span>Zimmerausstattung<\/span><\/div><\/div><\/header><div class=\"btClear btSeparator topExtraSmallSpaced bottomExtraSmallSpaced border\" ><hr><\/div><div class=\"btIconImageRow\" ><span class=\"btIco btIcoDefaultType btIcoMediumSize btIcoDefaultColor\"><span  data-ico-cs=\"&#xea18;\" class=\"btIcoHolder\"><\/span><\/span><span class=\"btIco btIcoDefaultType btIcoMediumSize btIcoDefaultColor\"><span  data-ico-cs=\"&#xe9c2;\" class=\"btIcoHolder\"><\/span><\/span><span class=\"btIco btIcoDefaultType btIcoMediumSize btIcoDefaultColor\"><span  data-ico-cs=\"&#xea2c;\" class=\"btIcoHolder\"><\/span><\/span><span class=\"btIco btIcoDefaultType btIcoMediumSize btIcoDefaultColor\"><span  data-ico-cs=\"&#xea1c;\" class=\"btIcoHolder\"><\/span><\/span><\/div><\/div>\r\n\t\t\t\t\t\t\t<\/div>\r\n\t\t\t\t\t\t<\/div>\r\n\t\t\t\t\t<\/div><\/div><\/div><\/div><\/div><\/div><\/div><\/div><\/div><\/div><\/section><section id=\"bt_section69e3b46370306\"  class=\"boldSection inherit\" ><div class=\"port\"><div class=\"boldCell\"><div class=\"boldCellInner\"><div class=\"boldRow \" ><div class=\"boldRowInner\"><div class=\"rowItem col-md-12 col-ms-12  btTextLeft\"  data-width=\"12\"><div class=\"rowItemContent\" ><div class=\"rowItemContentInner\"><div class=\"btText\" ><section id=\"bt_section69e3b46370e76\"  class=\"boldSection gutter inherit wBackground cover\" style=\"background-image:url('https:\/\/www.boracay.it\/wp-content\/uploads\/2019\/01\/Albergo-Alba-adriatica-bg-contatti-2.jpg');\"><div class=\"port\"><div class=\"boldCell\"><div class=\"boldCellInner\"><div class=\"boldRow \" ><div class=\"boldRowInner\"><div class=\"rowItem col-md-6 col-sm-12 btTextLeft btTextIndent inherit\"  data-width=\"6\"><div class=\"rowItemContent\" ><div class=\"rowItemContentInner\"><div class=\"btClear btSeparator bottomSpaced noBorder\" ><hr><\/div><header class=\"header btClear extralarge btDash bottomDash  btHeadlineDefaultColor btBottomDashAccentColor\" ><div class=\"dash\"><h2><span class=\"headline\">Buchen Sie Ihren Urlaub<\/span><\/h2><\/div><\/header><div class=\"btText\" ><p>F\u00fcr weitere Informationen fordern Sie bitte einen kostenlosen Kostenvoranschlag f\u00fcr Ihren n\u00e4chsten Strandurlaub in Abruzzen an oder wenden Sie sich f\u00fcr eine andere Anfrage an folgende Adressen und E-Mail-Adressen.<\/p>\n<\/div><div class=\"btClear btSeparator topSmallSpaced noBorder\" ><hr><\/div><div class=\"servicesItem  btIcoAccentColorIcon btIcoMediumSizeIcon \" style=\"font-size:20px;\"><div class=\"sIcon\"><span class=\"btIco btIcoMediumSize btIcoFilledType btIcoAccentColor\"><span  data-ico-s7=\"&#xe670;\" class=\"btIcoHolder\"><\/span><\/span><\/div><div class=\"sTxt\"><header class=\"header btClear medium\" ><div class=\"dash\"><h4><span class=\"headline\">Telefon<\/span><\/h4><\/div><\/header><p>+39 0861 71 36 12\r<br\/>+39 347 73 93 280<\/p><\/div><\/div><div class=\"btClear btSeparator bottomSmallSpaced noBorder\" ><hr><\/div><div class=\"servicesItem  btIcoAccentColorIcon btIcoMediumSizeIcon \" style=\"font-size:20px;\"><div class=\"sIcon\"><span class=\"btIco btIcoMediumSize btIcoFilledType btIcoAccentColor\"><span  data-ico-s7=\"&#xe63a;\" class=\"btIcoHolder\"><\/span><\/span><\/div><div class=\"sTxt\"><header class=\"header btClear medium\" ><div class=\"dash\"><h4><span class=\"headline\">Email<\/span><\/h4><\/div><\/header><p>info@boracay.it<\/p><\/div><\/div><div class=\"btClear btSeparator bottomSemiSpaced noBorder\" ><hr><\/div><\/div><\/div><\/div><div class=\"rowItem col-md-6 col-sm-12 btTextLeft\"  data-width=\"6\"><div class=\"rowItemContent\" ><div class=\"rowItemContentInner\"><div class=\"btClear btSeparator bottomSpaced noBorder\" ><hr><\/div><header class=\"header btClear medium btDash bottomDash  btHeadlineDefaultColor btBottomDashAccentColor\" ><div class=\"dash\"><h4><span class=\"headline\">Informationen anfordern<\/span><\/h4><\/div><\/header><div class=\"btText\" ><div id=\"formContacto\"><\/div>\n<\/div><div class=\"btClear btSeparator bottomSmallSpaced noBorder\" ><hr><\/div><\/div><\/div><\/div><\/div><\/div><\/div><\/div><\/div><\/section><\/div><\/div><\/div><\/div><\/div><\/div><\/div><\/div><\/div><\/section>","protected":false},"excerpt":{"rendered":"","protected":false},"author":1,"featured_media":0,"parent":0,"menu_order":0,"comment_status":"closed","ping_status":"closed","template":"","meta":[],"_links":{"self":[{"href":"https:\/\/www.boracay.it\/de\/wp-json\/wp\/v2\/pages\/2659\/"}],"collection":[{"href":"https:\/\/www.boracay.it\/de\/wp-json\/wp\/v2\/pages\/"}],"about":[{"href":"https:\/\/www.boracay.it\/de\/wp-json\/wp\/v2\/types\/page\/"}],"author":[{"embeddable":true,"href":"https:\/\/www.boracay.it\/de\/wp-json\/wp\/v2\/users\/1\/"}],"replies":[{"embeddable":true,"href":"https:\/\/www.boracay.it\/de\/wp-json\/wp\/v2\/comments\/?post=2659"}],"version-history":[{"count":2,"href":"https:\/\/www.boracay.it\/de\/wp-json\/wp\/v2\/pages\/2659\/revisions\/"}],"predecessor-version":[{"id":2670,"href":"https:\/\/www.boracay.it\/de\/wp-json\/wp\/v2\/pages\/2659\/revisions\/2670\/"}],"wp:attachment":[{"href":"https:\/\/www.boracay.it\/de\/wp-json\/wp\/v2\/media\/?parent=2659"}],"curies":[{"name":"wp","href":"https:\/\/api.w.org\/{rel}","templated":true}]}}