{"id":2641,"date":"2019-01-15T11:00:20","date_gmt":"2019-01-15T10:00:20","guid":{"rendered":"http:\/\/www.boracay.it\/servizi\/"},"modified":"2020-04-14T10:53:24","modified_gmt":"2020-04-14T08:53:24","slug":"servizi","status":"publish","type":"page","link":"https:\/\/www.boracay.it\/de\/servizi\/","title":{"rendered":"Dienstleistungen"},"content":{"rendered":"<section id=\"bt_section69f58f557aef8\"  class=\"boldSection topSpaced bottomSpaced btDarkSkin gutter inherit wBackground cover\" style=\"background-image:url('https:\/\/www.boracay.it\/wp-content\/uploads\/2019\/02\/alba-adriatica.jpg');\"><div class=\"port\"><div class=\"boldCell\"><div class=\"boldCellInner\"><div class=\"boldRow \" ><div class=\"boldRowInner\"><div class=\"rowItem col-md-6 col-sm-12 btTextLeft\"  data-width=\"6\"><div class=\"rowItemContent\" ><div class=\"rowItemContentInner\"><div class=\"btClear btSeparator bottomSpaced noBorder\" ><hr><\/div><header class=\"header btClear huge btDash bottomDash  btHeadlineDefaultColor btBottomDashDefaultColor\" ><div class=\"dash\"><h1><span class=\"headline\">Dienstleistungen Hotel Boracay\r<br><i class=\"animate\">Alba Adriatica<\/i><\/span><\/h1><\/div><div class=\"btSubTitle\">Hotel per vacanze sul mare con piscina ad Alba Adriatica<\/div><\/header><div class=\"btIconImageRow\" ><div class=\"servicesItem  btIcoAccentColorIcon btIcoBigSizeIcon \"><div class=\"sIcon\"><span class=\"btIco btIcoBigSize btIcoFilledType btIcoAccentColor\"><a href=\"#contatto\" target=\"_self\" data-ico-s7=\"&#xe639;\" class=\"btIcoHolder\"><\/a><\/span><\/div><div class=\"sTxt\"><header class=\"header btClear medium\" ><div class=\"dash\"><div class=\"btSuperTitle\"><span>Zitat!<\/span><\/div><h4><span class=\"headline\">KONTAKT<\/span><\/h4><\/div><\/header><p><\/p><\/div><\/div><div class=\"servicesItem  btIcoAccentColorIcon btIcoBigSizeIcon \"><div class=\"sIcon\"><span class=\"btIco btIcoBigSize btIcoFilledType btIcoAccentColor\"><a href=\"http:\/\/www.boracay.it\/camere\/\" target=\"_self\" data-ico-fa=\"&#xf236;\" class=\"btIcoHolder\"><\/a><\/span><\/div><div class=\"sTxt\"><header class=\"header btClear medium\" ><div class=\"dash\"><div class=\"btSuperTitle\"><span>Die Zimmer<\/span><\/div><h4><span class=\"headline\">Zimmer<\/span><\/h4><\/div><\/header><p><\/p><\/div><\/div><\/div><\/div><\/div><\/div><div class=\"rowItem col-md-6 col-sm-12 btTextLeft\"  data-width=\"6\"><div class=\"rowItemContent\" ><div class=\"rowItemContentInner\"><\/div><\/div><\/div><\/div><\/div><\/div><\/div><\/div><\/section><section id=\"bt_section69f58f557c6f3\"  class=\"boldSection topSpaced bottomSemiSpaced gutter inherit\" ><div class=\"port\"><div class=\"boldCell\"><div class=\"boldCellInner\"><div class=\"boldRow \" ><div class=\"boldRowInner\"><div class=\"rowItem col-md-12 col-ms-12  btTextLeft btMiddleVertical\"  data-width=\"12\"><div class=\"rowItemContent\" ><div class=\"rowItemContentInner\"><header class=\"header btClear extralarge btDash bottomDash  btHeadlineDefaultColor btBottomDashAccentColor\" ><div class=\"dash\"><div class=\"btSuperTitle\"><span>Dienstleistungen f\u00fcr Familien mit Kindern<\/span><\/div><h2><span class=\"headline\">3-Sterne-Hotel f\u00fcr Familien am Meer in Alba Adriatica<\/span><\/h2><\/div><div class=\"btSubTitle\">Die vielf\u00e4ltigen Serviceleistungen, die herzliche Gastfreundschaft, die moderne Organisation und die Professionalit\u00e4t des Managements des Hotels Boracay machen Ihren Urlaub in Alba Adriatica einzigartig und unvergesslich, um die Bed\u00fcrfnisse von Kunden jeden Alters zu erf\u00fcllen: Familien, Paare und Familien Single.<\/div><\/header><\/div><\/div><\/div><\/div><\/div><\/div><\/div><\/div><\/section><section id=\"bt_section69f58f557d154\"  class=\"boldSection bottomSpaced gutter inherit\" ><div class=\"port\"><div class=\"boldCell\"><div class=\"boldCellInner\"><div class=\"boldRow \" ><div class=\"boldRowInner\"><div class=\"rowItem col-md-6 col-sm-12 btTextRight btTopVertical btNoPadding wBackground cover\" style=\"background-image: url(https:\/\/www.boracay.it\/wp-content\/uploads\/2019\/01\/jacuzzi-alba-adriatica-1.jpg);\" data-width=\"6\"><div class=\"rowItemContent\" ><div class=\"rowItemContentInner\"><\/div><\/div><\/div><div class=\"rowItem col-md-6 col-sm-12 btTextLeft btTextIndent btMiddleVertical\" style=\"background-color: rgba(230, 230, 230, 1);\" data-width=\"6\"><div class=\"rowItemContent\" ><div class=\"rowItemContentInner\"><div class=\"btClear btSeparator bottomSemiSpaced noBorder\" ><hr><\/div><header class=\"header btClear large btDash topDash  btHeadlineDefaultColor btBottomDashDefaultColor\" ><div class=\"dash\"><div class=\"btSuperTitle\"><span>Panorama-Solarium Entspannen Sie sich<\/span><\/div><h3><span class=\"headline\">Jacuzzi<\/span><\/h3><\/div><\/header><div class=\"btIconImageRow\" ><span class=\"btIco btIcoDefaultType btIcoBigSize btIcoAccentColor\"><span  data-ico-cs=\"&#xe040;\" class=\"btIcoHolder\"><\/span><\/span><span class=\"btIco btIcoDefaultType btIcoBigSize btIcoAccentColor\"><span  data-ico-cs=\"&#xe9ee;\" class=\"btIcoHolder\"><\/span><\/span><span class=\"btIco btIcoDefaultType btIcoBigSize btIcoAccentColor\"><span  data-ico-cs=\"&#xe041;\" class=\"btIcoHolder\"><\/span><\/span><\/div><div class=\"btClear btSeparator bottomSmallSpaced noBorder\" ><hr><\/div><div class=\"btText\" ><p>Unter den vielen Dienstleistungen, die das Hotel Boracay anbietet, m\u00f6chten wir uns an diejenigen erinnern, die f\u00fcr Familien mit Kindern konzipiert und gebaut wurden: die interne Animation des Hotels und die Au\u00dfengestaltung am Strand der Abruzzen, der Salzwasserpool und das Panorama-Solarium mit Whirlpool .<\/p>\n<\/div><div class=\"btClear btSeparator bottomSmallSpaced noBorder\" ><hr><\/div><a href=\"http:\/\/www.boracay.it\/piscina\/\" class=\"btBtn btBtn btnFilledStyle btnAccentColor btnSmall btnNormalWidth btnRightPosition btnNoIcon\" ><span class=\"btnInnerText\">Erfahren Sie mehr<\/span><\/a><div class=\"btClear btSeparator bottomSemiSpaced noBorder\" ><hr><\/div><\/div><\/div><\/div><\/div><\/div><div class=\"boldRow \" ><div class=\"boldRowInner\"><div class=\"rowItem col-md-6 col-sm-12 btTextLeft btTextIndent btMiddleVertical\" style=\"background-color: rgba(230, 230, 230, 1);\" data-width=\"6\"><div class=\"rowItemContent\" ><div class=\"rowItemContentInner\"><div class=\"btClear btSeparator bottomSemiSpaced noBorder\" ><hr><\/div><header class=\"header btClear large btDash topDash  btHeadlineDefaultColor btBottomDashDefaultColor\" ><div class=\"dash\"><div class=\"btSuperTitle\"><span>Morgen und Nachmittag<\/span><\/div><h3><span class=\"headline\">Babysitting<\/span><\/h3><\/div><\/header><div class=\"btIconImageRow\" ><span class=\"btIco btIcoDefaultType btIcoBigSize btIcoAccentColor\"><span  data-ico-cs=\"&#xea13;\" class=\"btIcoHolder\"><\/span><\/span><span class=\"btIco btIcoDefaultType btIcoBigSize btIcoAccentColor\"><span  data-ico-cs=\"&#xe05b;\" class=\"btIcoHolder\"><\/span><\/span><\/div><div class=\"btClear btSeparator bottomSmallSpaced noBorder\" ><hr><\/div><div class=\"btText\" ><p>Das Boracay ist ideal f\u00fcr Familien mit Kindern. Ab diesem Jahr ist ein &#8222;Baby Sitting&#8220; -Dienst sowohl morgens am Strand als auch am Nachmittag kurz nach dem Mittagessen (bis 16:00 Uhr) aktiv, damit die Eltern Momente der absoluten Ruhe genie\u00dfen und Kinder Spa\u00df haben k\u00f6nnen in v\u00f6lliger sicherheit.<\/p>\n<\/div><div class=\"btClear btSeparator bottomSmallSpaced noBorder\" ><hr><\/div><a href=\"http:\/\/www.boracay.it\/animazione\/\" class=\"btBtn btBtn btnFilledStyle btnAccentColor btnSmall btnNormalWidth btnRightPosition btnNoIcon\" ><span class=\"btnInnerText\">Scopri di pi\u00f9<\/span><\/a><div class=\"btClear btSeparator bottomSemiSpaced noBorder\" ><hr><\/div><\/div><\/div><\/div><div class=\"rowItem col-md-6 col-sm-12 btTextLeft inherit btNoPadding wBackground cover\" style=\"background-image: url(https:\/\/www.boracay.it\/wp-content\/uploads\/2019\/01\/babysitting-hotel-boracay.jpg);\" data-width=\"6\"><div class=\"rowItemContent\" ><div class=\"rowItemContentInner\"><\/div><\/div><\/div><\/div><\/div><div class=\"boldRow \" ><div class=\"boldRowInner\"><div class=\"rowItem col-md-6 col-sm-12 btTextRight inherit btNoPadding wBackground cover\" style=\"background-image: url(https:\/\/www.boracay.it\/wp-content\/uploads\/2019\/01\/edicola-virtuale-alba-adriatica-hotel-boracay.jpg);\" data-width=\"6\"><div class=\"rowItemContent\" ><div class=\"rowItemContentInner\"><\/div><\/div><\/div><div class=\"rowItem col-md-6 col-sm-12 btTextLeft btTextIndent btMiddleVertical\" style=\"background-color: rgba(230, 230, 230, 1);\" data-width=\"6\"><div class=\"rowItemContent\" ><div class=\"rowItemContentInner\"><div class=\"btClear btSeparator bottomSemiSpaced noBorder\" ><hr><\/div><header class=\"header btClear large btDash topDash  btHeadlineDefaultColor btBottomDashDefaultColor\" ><div class=\"dash\"><div class=\"btSuperTitle\"><span>In der Struktur<\/span><\/div><h3><span class=\"headline\">Virtueller Kiosk<\/span><\/h3><\/div><\/header><div class=\"btIconImageRow\" ><span class=\"btIco btIcoDefaultType btIcoBigSize btIcoAccentColor\"><span  data-ico-cs=\"&#xe05b;\" class=\"btIcoHolder\"><\/span><\/span><span class=\"btIco btIcoDefaultType btIcoBigSize btIcoAccentColor\"><span  data-ico-cs=\"&#xe9a3;\" class=\"btIcoHolder\"><\/span><\/span><span class=\"btIco btIcoDefaultType btIcoBigSize btIcoAccentColor\"><span  data-ico-cs=\"&#xe9e5;\" class=\"btIcoHolder\"><\/span><\/span><\/div><div class=\"btClear btSeparator bottomSmallSpaced noBorder\" ><hr><\/div><div class=\"btText\" ><p>Wir bieten allen Kunden die M\u00f6glichkeit, auf einen exklusiven virtuellen Kiosk (\u00fcber das interne Netzwerk des Hotels) zuzugreifen, wo sie eine gro\u00dfe Auswahl der renommiertesten nationalen und internationalen Zeitungen und Zeitschriften lesen oder herunterladen k\u00f6nnen.<\/p>\n<\/div><div class=\"btClear btSeparator bottomSmallSpaced noBorder\" ><hr><\/div><a href=\"#contatto\" class=\"btBtn btBtn btnFilledStyle btnAccentColor btnSmall btnNormalWidth btnRightPosition btnNoIcon\" ><span class=\"btnInnerText\">Erfahren Sie mehr<\/span><\/a><div class=\"btClear btSeparator bottomSemiSpaced noBorder\" ><hr><\/div><\/div><\/div><\/div><\/div><\/div><div class=\"boldRow \" ><div class=\"boldRowInner\"><div class=\"rowItem col-md-6 col-sm-12 btTextLeft btTextIndent btMiddleVertical\" style=\"background-color: rgba(230, 230, 230, 1);\" data-width=\"6\"><div class=\"rowItemContent\" ><div class=\"rowItemContentInner\"><div class=\"btClear btSeparator bottomSemiSpaced noBorder\" ><hr><\/div><header class=\"header btClear large btDash topDash  btHeadlineDefaultColor btBottomDashDefaultColor\" ><div class=\"dash\"><div class=\"btSuperTitle\"><span>Hospitality &amp; Organisation<\/span><\/div><h3><span class=\"headline\">Bar-Service<\/span><\/h3><\/div><\/header><div class=\"btIconImageRow\" ><span class=\"btIco btIcoDefaultType btIcoBigSize btIcoAccentColor\"><span  data-ico-cs=\"&#xea2f;\" class=\"btIcoHolder\"><\/span><\/span><span class=\"btIco btIcoDefaultType btIcoBigSize btIcoAccentColor\"><span  data-ico-s7=\"&#xe67b;\" class=\"btIcoHolder\"><\/span><\/span><span class=\"btIco btIcoDefaultType btIcoBigSize btIcoAccentColor\"><span  data-ico-cs=\"&#xe9f3;\" class=\"btIcoHolder\"><\/span><\/span><\/div><div class=\"btClear btSeparator bottomSmallSpaced noBorder\" ><hr><\/div><div class=\"btText\" ><p>Das Boracay Hotel bietet einen k\u00f6stlichen Bar-Service, bei dem Sie fabelhafte Aperitifs in v\u00f6lliger Entspannung genie\u00dfen k\u00f6nnen, begleitet von Cocktails, die von unseren Barkeepern empfohlen werden, oder die besten Weine unserer Region genie\u00dfen k\u00f6nnen!<\/p>\n<\/div><div class=\"btClear btSeparator bottomSmallSpaced noBorder\" ><hr><\/div><a href=\"#contatto\" class=\"btBtn btBtn btnFilledStyle btnAccentColor btnSmall btnNormalWidth btnRightPosition btnNoIcon\" ><span class=\"btnInnerText\">Jetzt buchen<\/span><\/a><div class=\"btClear btSeparator bottomSemiSpaced noBorder\" ><hr><\/div><\/div><\/div><\/div><div class=\"rowItem col-md-6 col-sm-12 btTextLeft inherit btNoPadding wBackground cover\" style=\"background-image: url(https:\/\/www.boracay.it\/wp-content\/uploads\/2019\/01\/ristorante-boracay-1-1.jpg);\" data-width=\"6\"><div class=\"rowItemContent\" ><div class=\"rowItemContentInner\"><\/div><\/div><\/div><\/div><\/div><div class=\"boldRow \" ><div class=\"boldRowInner\"><div class=\"rowItem col-md-6 col-sm-12 btTextRight inherit btNoPadding wBackground cover\" style=\"background-image: url(https:\/\/www.boracay.it\/wp-content\/uploads\/2019\/01\/servizio-biciclette-boracay.jpg);\" data-width=\"6\"><div class=\"rowItemContent\" ><div class=\"rowItemContentInner\"><\/div><\/div><\/div><div class=\"rowItem col-md-6 col-sm-12 btTextLeft btTextIndent btMiddleVertical\" style=\"background-color: rgba(230, 230, 230, 1);\" data-width=\"6\"><div class=\"rowItemContent\" ><div class=\"rowItemContentInner\"><div class=\"btClear btSeparator bottomSemiSpaced noBorder\" ><hr><\/div><header class=\"header btClear large btDash topDash  btHeadlineDefaultColor btBottomDashDefaultColor\" ><div class=\"dash\"><div class=\"btSuperTitle\"><span>Verf\u00fcgbar f\u00fcr unsere Kunden<\/span><\/div><h3><span class=\"headline\">Fahrradservice<\/span><\/h3><\/div><\/header><div class=\"btIconImageRow\" ><span class=\"btIco btIcoDefaultType btIcoBigSize btIcoAccentColor\"><span  data-ico-cs=\"&#xe05b;\" class=\"btIcoHolder\"><\/span><\/span><span class=\"btIco btIcoDefaultType btIcoBigSize btIcoAccentColor\"><span  data-ico-cs=\"&#xe9a3;\" class=\"btIcoHolder\"><\/span><\/span><span class=\"btIco btIcoDefaultType btIcoBigSize btIcoAccentColor\"><span  data-ico-cs=\"&#xe9e5;\" class=\"btIcoHolder\"><\/span><\/span><\/div><div class=\"btClear btSeparator bottomSmallSpaced noBorder\" ><hr><\/div><div class=\"btText\" ><p>Das Hotel Boracay bietet zahlreiche Dienstleistungen, darunter die M\u00f6glichkeit, mit einem unserer sch\u00f6nen Fahrr\u00e4der entlang der K\u00fcste von Alba Adriatica zu spazieren.<\/p>\n<\/div><div class=\"btClear btSeparator bottomSmallSpaced noBorder\" ><hr><\/div><a href=\"#contatto\" class=\"btBtn btBtn btnFilledStyle btnAccentColor btnSmall btnNormalWidth btnRightPosition btnNoIcon\" ><span class=\"btnInnerText\">Jetzt buchen<\/span><\/a><div class=\"btClear btSeparator bottomSemiSpaced noBorder\" ><hr><\/div><\/div><\/div><\/div><\/div><\/div><div class=\"boldRow \" ><div class=\"boldRowInner\"><div class=\"rowItem col-md-6 col-sm-12 btTextLeft btTextIndent btMiddleVertical\" style=\"background-color: rgba(230, 230, 230, 1);\" data-width=\"6\"><div class=\"rowItemContent\" ><div class=\"rowItemContentInner\"><div class=\"btClear btSeparator bottomSemiSpaced noBorder\" ><hr><\/div><header class=\"header btClear large btDash topDash  btHeadlineDefaultColor btBottomDashDefaultColor\" ><div class=\"dash\"><div class=\"btSuperTitle\"><span>Auf Reservierung<\/span><\/div><h3><span class=\"headline\">Interne Parkpl\u00e4tze<\/span><\/h3><\/div><\/header><div class=\"btIconImageRow\" ><span class=\"btIco btIcoDefaultType btIcoBigSize btIcoAccentColor\"><span  data-ico-s7=\"&#xe6ae;\" class=\"btIcoHolder\"><\/span><\/span><span class=\"btIco btIcoDefaultType btIcoBigSize btIcoAccentColor\"><span  data-ico-s7=\"&#xe608;\" class=\"btIcoHolder\"><\/span><\/span><\/div><div class=\"btClear btSeparator bottomSmallSpaced noBorder\" ><hr><\/div><div class=\"btText\" ><p>Kostenlose Parkpl\u00e4tze im Freien je nach Verf\u00fcgbarkeit. \u00dcberdachte Garage im Hotel nach Reservierung und Bezahlung.<\/p>\n<\/div><div class=\"btClear btSeparator bottomSmallSpaced noBorder\" ><hr><\/div><a href=\"#contatto\" class=\"btBtn btBtn btnFilledStyle btnAccentColor btnSmall btnNormalWidth btnRightPosition btnNoIcon\" ><span class=\"btnInnerText\">Prenota subito<\/span><\/a><div class=\"btClear btSeparator bottomSemiSpaced noBorder\" ><hr><\/div><\/div><\/div><\/div><div class=\"rowItem col-md-6 col-sm-12 btTextLeft inherit btNoPadding wBackground cover\" style=\"background-image: url(https:\/\/www.boracay.it\/wp-content\/uploads\/2019\/02\/BORACAY-064.jpg);\" data-width=\"6\"><div class=\"rowItemContent\" ><div class=\"rowItemContentInner\"><\/div><\/div><\/div><\/div><\/div><\/div><\/div><\/div><\/section><section id=\"bt_section69f58f55867ee\"  class=\"boldSection inherit\" ><div class=\"port\"><div class=\"boldCell\"><div class=\"boldCellInner\"><div class=\"boldRow \" ><div class=\"boldRowInner\"><div class=\"rowItem col-md-12 col-ms-12  btTextLeft\"  data-width=\"12\"><div class=\"rowItemContent\" ><div class=\"rowItemContentInner\"><div class=\"btText\" ><p><a id=\"contatto\" name=\"contatto\"><\/a><\/p>\n<section id=\"bt_section69f58f558865d\"  class=\"boldSection gutter inherit wBackground cover\" style=\"background-image:url('https:\/\/www.boracay.it\/wp-content\/uploads\/2019\/01\/Albergo-Alba-adriatica-bg-contatti-2.jpg');\">\n<div class=\"port\">\n<div class=\"boldCell\">\n<div class=\"boldCellInner\">\n<div class=\"boldRow \" >\n<div class=\"boldRowInner\">\n<div class=\"rowItem col-md-6 col-sm-12 btTextLeft btTextIndent inherit\"  data-width=\"6\">\n<div class=\"rowItemContent\" >\n<div class=\"rowItemContentInner\">\n<div class=\"btClear btSeparator bottomSpaced noBorder\" >\n<hr>\n<\/div>\n<header class=\"header btClear extralarge btDash bottomDash  btHeadlineDefaultColor btBottomDashAccentColor\" >\n<div class=\"dash\">\n<h2><span class=\"headline\">Buchen Sie Ihren Urlaub<\/span><\/h2>\n<\/div>\n<\/header>\n<div class=\"btText\" >\n<p>F\u00fcr weitere Informationen fordern Sie bitte einen kostenlosen Kostenvoranschlag f\u00fcr Ihren n\u00e4chsten Strandurlaub in Abruzzen an oder wenden Sie sich f\u00fcr eine andere Anfrage an folgende Adressen und E-Mail-Adressen.<\/p>\n<\/div>\n<div class=\"btClear btSeparator topSmallSpaced noBorder\" >\n<hr>\n<\/div>\n<div class=\"servicesItem  btIcoAccentColorIcon btIcoMediumSizeIcon \" style=\"font-size:20px;\">\n<div class=\"sIcon\"><span class=\"btIco btIcoMediumSize btIcoFilledType btIcoAccentColor\"><span  data-ico-s7=\"&#xe670;\" class=\"btIcoHolder\"><\/span><\/span><\/div>\n<div class=\"sTxt\">\n<header class=\"header btClear medium\" >\n<div class=\"dash\">\n<h4><span class=\"headline\">Telefon<\/span><\/h4>\n<\/div>\n<\/header>\n<p>+39 0861 71 36 12<br \/>\n<br \/>+39 347 73 93 280<\/p>\n<\/div>\n<\/div>\n<div class=\"btClear btSeparator bottomSmallSpaced noBorder\" >\n<hr>\n<\/div>\n<div class=\"servicesItem  btIcoAccentColorIcon btIcoMediumSizeIcon \" style=\"font-size:20px;\">\n<div class=\"sIcon\"><span class=\"btIco btIcoMediumSize btIcoFilledType btIcoAccentColor\"><span  data-ico-s7=\"&#xe63a;\" class=\"btIcoHolder\"><\/span><\/span><\/div>\n<div class=\"sTxt\">\n<header class=\"header btClear medium\" >\n<div class=\"dash\">\n<h4><span class=\"headline\">Email<\/span><\/h4>\n<\/div>\n<\/header>\n<p>info@boracay.it<\/p>\n<\/div>\n<\/div>\n<div class=\"btClear btSeparator bottomSemiSpaced noBorder\" >\n<hr>\n<\/div>\n<\/div>\n<\/div>\n<\/div>\n<div class=\"rowItem col-md-6 col-sm-12 btTextLeft\"  data-width=\"6\">\n<div class=\"rowItemContent\" >\n<div class=\"rowItemContentInner\">\n<div class=\"btClear btSeparator bottomSpaced noBorder\" >\n<hr>\n<\/div>\n<header class=\"header btClear medium btDash bottomDash  btHeadlineDefaultColor btBottomDashAccentColor\" >\n<div class=\"dash\">\n<h4><span class=\"headline\">Informationen anfordern<\/span><\/h4>\n<\/div>\n<\/header>\n<div class=\"btText\" >\n<div id=\"formContacto\"><\/div>\n<\/div>\n<div class=\"btClear btSeparator bottomSmallSpaced noBorder\" >\n<hr>\n<\/div>\n<\/div>\n<\/div>\n<\/div>\n<\/div>\n<\/div>\n<\/div>\n<\/div>\n<\/div>\n<\/section>\n<\/div><\/div><\/div><\/div><\/div><\/div><\/div><\/div><\/div><\/section>","protected":false},"excerpt":{"rendered":"","protected":false},"author":1,"featured_media":0,"parent":0,"menu_order":0,"comment_status":"closed","ping_status":"closed","template":"","meta":[],"_links":{"self":[{"href":"https:\/\/www.boracay.it\/de\/wp-json\/wp\/v2\/pages\/2641\/"}],"collection":[{"href":"https:\/\/www.boracay.it\/de\/wp-json\/wp\/v2\/pages\/"}],"about":[{"href":"https:\/\/www.boracay.it\/de\/wp-json\/wp\/v2\/types\/page\/"}],"author":[{"embeddable":true,"href":"https:\/\/www.boracay.it\/de\/wp-json\/wp\/v2\/users\/1\/"}],"replies":[{"embeddable":true,"href":"https:\/\/www.boracay.it\/de\/wp-json\/wp\/v2\/comments\/?post=2641"}],"version-history":[{"count":3,"href":"https:\/\/www.boracay.it\/de\/wp-json\/wp\/v2\/pages\/2641\/revisions\/"}],"predecessor-version":[{"id":4026,"href":"https:\/\/www.boracay.it\/de\/wp-json\/wp\/v2\/pages\/2641\/revisions\/4026\/"}],"wp:attachment":[{"href":"https:\/\/www.boracay.it\/de\/wp-json\/wp\/v2\/media\/?parent=2641"}],"curies":[{"name":"wp","href":"https:\/\/api.w.org\/{rel}","templated":true}]}}