{"id":2573,"date":"2019-01-10T16:46:32","date_gmt":"2019-01-10T15:46:32","guid":{"rendered":"http:\/\/www.boracay.it?page_id=2573"},"modified":"2019-02-22T11:30:02","modified_gmt":"2019-02-22T10:30:02","slug":"animazione","status":"publish","type":"page","link":"https:\/\/www.boracay.it\/de\/animazione\/","title":{"rendered":"Animation"},"content":{"rendered":"<section id=\"bt_section69defd595c0ff\"  class=\"boldSection topSpaced bottomSpaced btDarkSkin gutter inherit wBackground cover\" style=\"background-image:url('https:\/\/www.boracay.it\/wp-content\/uploads\/2019\/02\/Boracay_2012-021-1.jpg');\"><div class=\"port\"><div class=\"boldCell\"><div class=\"boldCellInner\"><div class=\"boldRow \" ><div class=\"boldRowInner\"><div class=\"rowItem col-md-6 col-sm-12 btTextLeft\"  data-width=\"6\"><div class=\"rowItemContent\" ><div class=\"rowItemContentInner\"><\/div><\/div><\/div><div class=\"rowItem col-md-6 col-sm-12 btTextLeft\"  data-width=\"6\"><div class=\"rowItemContent\" ><div class=\"rowItemContentInner\"><div class=\"btClear btSeparator bottomSpaced noBorder\" ><hr><\/div><header class=\"header btClear huge btDash bottomDash  btHeadlineDefaultColor btBottomDashDefaultColor\" ><div class=\"dash\"><h1><span class=\"headline\">Hotel mit Animation\r<br><i class=\"animate\">Alba Adriatica<\/i><\/span><\/h1><\/div><div class=\"btSubTitle\">Ferienhotel am Meer mit Pool in Alba Adriatica<\/div><\/header><div class=\"btIconImageRow\" ><div class=\"servicesItem  btIcoAccentColorIcon btIcoBigSizeIcon \"><div class=\"sIcon\"><span class=\"btIco btIcoBigSize btIcoFilledType btIcoAccentColor\"><a href=\"#contatto\" target=\"_self\" data-ico-s7=\"&#xe639;\" class=\"btIcoHolder\"><\/a><\/span><\/div><div class=\"sTxt\"><header class=\"header btClear medium\" ><div class=\"dash\"><div class=\"btSuperTitle\"><span>Zitat!<\/span><\/div><h4><span class=\"headline\">KONTAKT<\/span><\/h4><\/div><\/header><p><\/p><\/div><\/div><div class=\"servicesItem  btIcoAccentColorIcon btIcoBigSizeIcon \"><div class=\"sIcon\"><span class=\"btIco btIcoBigSize btIcoFilledType btIcoAccentColor\"><a href=\"http:\/\/www.boracay.it\/camere\/\" target=\"_self\" data-ico-fa=\"&#xf236;\" class=\"btIcoHolder\"><\/a><\/span><\/div><div class=\"sTxt\"><header class=\"header btClear medium\" ><div class=\"dash\"><div class=\"btSuperTitle\"><span>Die zimmer<\/span><\/div><h4><span class=\"headline\">ZIMMER<\/span><\/h4><\/div><\/header><p><\/p><\/div><\/div><\/div><\/div><\/div><\/div><\/div><\/div><\/div><\/div><\/div><\/section><section id=\"bt_section69defd595cb88\"  class=\"boldSection topSpaced bottomSemiSpaced gutter inherit\" ><div class=\"port\"><div class=\"boldCell\"><div class=\"boldCellInner\"><div class=\"boldRow \" ><div class=\"boldRowInner\"><div class=\"rowItem col-md-8 col-ms-12 btTextLeft\"  data-width=\"8\"><div class=\"rowItemContent\" ><div class=\"rowItemContentInner\"><div class=\"btClear btSeparator topSmallSpaced noBorder\" ><hr><\/div><header class=\"header btClear extralarge btDash topDash  btHeadlineAccentColor btBottomDashDefaultColor\" ><div class=\"dash\"><div class=\"btSuperTitle\"><span>Viele Aktivit\u00e4ten f\u00fcr Erwachsene und Kinder<\/span><\/div><h2><span class=\"headline\">Animation im 3-Sterne-Hotel am Meer in Alba Adriatica<\/span><\/h2><\/div><div class=\"btSubTitle\">Ferien zwischen Animation, Aktivit\u00e4ten und Mini Club in Alba Adriatica<\/div><\/header><\/div><\/div><\/div><div class=\"rowItem col-md-4 col-ms-12 btTextLeft\"  data-width=\"4\"><div class=\"rowItemContent\" ><div class=\"rowItemContentInner\"><\/div><\/div><\/div><\/div><\/div><div class=\"boldRow \" ><div class=\"boldRowInner\"><div class=\"rowItem col-md-6 col-sm-12 btTextLeft\"  data-width=\"6\"><div class=\"rowItemContent\" ><div class=\"rowItemContentInner\"><div class=\"btClear btSeparator topSmallSpaced noBorder\" ><hr><\/div><div class=\"btText\" ><p>Im Hotel Boracay beginnen und enden die Tage mit einem L\u00e4cheln: Wir sorgen daf\u00fcr, dass Ihr Strandurlaub in den Abruzzen unvergesslich wird.<\/p>\n<p>W\u00e4hrend des Tages werden Sie von den Animateuren unseres 3-Sterne-Hotels in Abruzzen zu einer Reihe von Aktivit\u00e4ten wie Spielen, Turnen am Strand und am Meer, Wasseraerobic im Salzwasserpool, lateinamerikanischen Tanzstunden und vielem mehr eingeladen viel mehr.<\/p>\n<\/div><div class=\"btClear btSeparator topSmallSpaced noBorder\" ><hr><\/div><\/div><\/div><\/div><div class=\"rowItem col-md-6 col-sm-12 btTextLeft\"  data-width=\"6\"><div class=\"rowItemContent\" ><div class=\"rowItemContentInner\"><div class=\"bpgPhoto \" ><div class = \"btImage\"><img src=\"https:\/\/www.boracay.it\/wp-content\/uploads\/2019\/01\/animazione-02.jpg\" alt=\"animazione nel hotel 3 stelle sul mare ad alba adriatica\" ><\/div><\/div><\/div><\/div><\/div><\/div><\/div><div class=\"boldRow \" ><div class=\"boldRowInner\"><div class=\"rowItem col-md-12 col-ms-12  btTextLeft\"  data-width=\"12\"><div class=\"rowItemContent\" ><div class=\"rowItemContentInner\"><div class=\"btClear btSeparator topSemiSpaced noBorder\" ><hr><\/div><div class=\"tilesWall btGridGallery tiled  btGridGap-1 lightbox\" data-col=\"5\"><div class=\"gridSizer\"><\/div><div class=\"gridItem btGhostSliderThumb bt11\" data-order-num=\"0\"><div class=\"btTileBox\"><div class=\"bpgPhoto \" > \r\n\t\t\t\t\t<a href=\"https:\/\/www.boracay.it\/wp-content\/uploads\/2019\/01\/animazione-alba-adriatica-3.jpg\" class=\"lightbox\" data-title=\"\"><\/a>\r\n\t\t\t\t\t<div class=\"boldPhotoBox\"><div class=\"bpbItem\"><div class = \"btImage\"><img src=\"https:\/\/www.boracay.it\/wp-content\/uploads\/2019\/01\/animazione-alba-adriatica-3-540x540.jpg\" alt=\"\" ><\/div><\/div><\/div>\r\n\t\t\t\t\t<div class=\"captionPane btDarkSkin\">\r\n\t\t\t\t\t\t<div class=\"captionTable\">\r\n\t\t\t\t\t\t\t<div class=\"captionCell\">\r\n\t\t\t\t\t\t\t\t<div class=\"captionTxt\"><\/div>\r\n\t\t\t\t\t\t\t<\/div>\r\n\t\t\t\t\t\t<\/div>\r\n\t\t\t\t\t<\/div><\/div><\/div><\/div><div class=\"gridItem btGhostSliderThumb bt11\" data-order-num=\"1\"><div class=\"btTileBox\"><div class=\"bpgPhoto \" > \r\n\t\t\t\t\t<a href=\"https:\/\/www.boracay.it\/wp-content\/uploads\/2019\/01\/box-02.jpg\" class=\"lightbox\" data-title=\"\"><\/a>\r\n\t\t\t\t\t<div class=\"boldPhotoBox\"><div class=\"bpbItem\"><div class = \"btImage\"><img src=\"https:\/\/www.boracay.it\/wp-content\/uploads\/2019\/01\/box-02-500x540.jpg\" alt=\"\" ><\/div><\/div><\/div>\r\n\t\t\t\t\t<div class=\"captionPane btDarkSkin\">\r\n\t\t\t\t\t\t<div class=\"captionTable\">\r\n\t\t\t\t\t\t\t<div class=\"captionCell\">\r\n\t\t\t\t\t\t\t\t<div class=\"captionTxt\"><\/div>\r\n\t\t\t\t\t\t\t<\/div>\r\n\t\t\t\t\t\t<\/div>\r\n\t\t\t\t\t<\/div><\/div><\/div><\/div><div class=\"gridItem btGhostSliderThumb bt11\" data-order-num=\"2\"><div class=\"btTileBox\"><div class=\"bpgPhoto \" > \r\n\t\t\t\t\t<a href=\"https:\/\/www.boracay.it\/wp-content\/uploads\/2019\/01\/animazione-alba-adriatica-4.jpg\" class=\"lightbox\" data-title=\"\"><\/a>\r\n\t\t\t\t\t<div class=\"boldPhotoBox\"><div class=\"bpbItem\"><div class = \"btImage\"><img src=\"https:\/\/www.boracay.it\/wp-content\/uploads\/2019\/01\/animazione-alba-adriatica-4-540x540.jpg\" alt=\"\" ><\/div><\/div><\/div>\r\n\t\t\t\t\t<div class=\"captionPane btDarkSkin\">\r\n\t\t\t\t\t\t<div class=\"captionTable\">\r\n\t\t\t\t\t\t\t<div class=\"captionCell\">\r\n\t\t\t\t\t\t\t\t<div class=\"captionTxt\"><\/div>\r\n\t\t\t\t\t\t\t<\/div>\r\n\t\t\t\t\t\t<\/div>\r\n\t\t\t\t\t<\/div><\/div><\/div><\/div><div class=\"gridItem btGhostSliderThumb bt11\" data-order-num=\"3\"><div class=\"btTileBox\"><div class=\"bpgPhoto \" > \r\n\t\t\t\t\t<a href=\"https:\/\/www.boracay.it\/wp-content\/uploads\/2019\/01\/animazione-alba-adriatica-1-1.jpg\" class=\"lightbox\" data-title=\"\"><\/a>\r\n\t\t\t\t\t<div class=\"boldPhotoBox\"><div class=\"bpbItem\"><div class = \"btImage\"><img src=\"https:\/\/www.boracay.it\/wp-content\/uploads\/2019\/01\/animazione-alba-adriatica-1-1-540x540.jpg\" alt=\"\" ><\/div><\/div><\/div>\r\n\t\t\t\t\t<div class=\"captionPane btDarkSkin\">\r\n\t\t\t\t\t\t<div class=\"captionTable\">\r\n\t\t\t\t\t\t\t<div class=\"captionCell\">\r\n\t\t\t\t\t\t\t\t<div class=\"captionTxt\"><\/div>\r\n\t\t\t\t\t\t\t<\/div>\r\n\t\t\t\t\t\t<\/div>\r\n\t\t\t\t\t<\/div><\/div><\/div><\/div><div class=\"gridItem btGhostSliderThumb bt11\" data-order-num=\"4\"><div class=\"btTileBox\"><div class=\"bpgPhoto \" > \r\n\t\t\t\t\t<a href=\"https:\/\/www.boracay.it\/wp-content\/uploads\/2019\/01\/animazione-alba-adriatica-2.jpg\" class=\"lightbox\" data-title=\"\"><\/a>\r\n\t\t\t\t\t<div class=\"boldPhotoBox\"><div class=\"bpbItem\"><div class = \"btImage\"><img src=\"https:\/\/www.boracay.it\/wp-content\/uploads\/2019\/01\/animazione-alba-adriatica-2-540x540.jpg\" alt=\"\" ><\/div><\/div><\/div>\r\n\t\t\t\t\t<div class=\"captionPane btDarkSkin\">\r\n\t\t\t\t\t\t<div class=\"captionTable\">\r\n\t\t\t\t\t\t\t<div class=\"captionCell\">\r\n\t\t\t\t\t\t\t\t<div class=\"captionTxt\"><\/div>\r\n\t\t\t\t\t\t\t<\/div>\r\n\t\t\t\t\t\t<\/div>\r\n\t\t\t\t\t<\/div><\/div><\/div><\/div><\/div><div class=\"btClear btSeparator topSemiSpaced bottomSemiSpaced noBorder\" ><hr><\/div><\/div><\/div><\/div><\/div><\/div><\/div><\/div><\/div><\/section><section id=\"bt_section69defd595fb71\"  class=\"boldSection btDarkSkin gutter inherit\" style=\"background-color:#b71234;\"><div class=\"port\"><div class=\"boldCell\"><div class=\"boldCellInner\"><div class=\"boldRow \" ><div class=\"boldRowInner\"><div class=\"rowItem col-md-12 col-ms-12  btTextLeft\"  data-width=\"12\"><div class=\"rowItemContent\" ><div class=\"rowItemContentInner\"><div class=\"btClear btSeparator bottomSemiSpaced noBorder\" ><hr><\/div><div class=\"btText\" ><div class=\"btText\">\n<blockquote><p>Im Hotel Boracay beginnen und enden die Tage mit einem L\u00e4cheln: Wir sorgen daf\u00fcr, dass Ihr Strandurlaub in den Abruzzen unvergesslich wird!<\/p><\/blockquote>\n<\/div>\n<\/div><div class=\"btClear btSeparator bottomSmallSpaced noBorder\" ><hr><\/div><\/div><\/div><\/div><\/div><\/div><\/div><\/div><\/div><\/section><section id=\"bt_section69defd5960116\"  class=\"boldSection topSpaced bottomSmallSpaced gutter inherit\" ><div class=\"port\"><div class=\"boldCell\"><div class=\"boldCellInner\"><div class=\"boldRow \" ><div class=\"boldRowInner\"><div class=\"rowItem col-md-6 col-sm-12 btTextLeft\"  data-width=\"6\"><div class=\"rowItemContent\" ><div class=\"rowItemContentInner\"><div class=\"btText\" ><h3 data-fontsize=\"40\" data-lineheight=\"44\">Ferien am Meer<\/h3>\n<p>Entdecken Sie f\u00fcr Ihren Urlaub in Alba Adriatica die vielen Angebote unseres Drei-Sterne-Hotels: Kontaktieren Sie uns jetzt, um ein unverbindliches Angebot zu erhalten!<\/p>\n<p><a style=\"padding: 10px 20px; color: #fff; background-color: #02958c; text-decoration: none;\" href=\"#contatto\">Jetzt buchen<\/a><\/p>\n<\/div><\/div><\/div><\/div><div class=\"rowItem col-md-6 col-sm-12 btTextLeft\"  data-width=\"6\"><div class=\"rowItemContent\" ><div class=\"rowItemContentInner\"><div class=\"bpgPhoto \" ><div class = \"btImage\"><img src=\"https:\/\/www.boracay.it\/wp-content\/uploads\/2019\/01\/spiaggia-boracay.jpg\" alt=\"Hotel sul mare con spiaggia privata per vacanze in Abruzzo\" ><\/div><\/div><\/div><\/div><\/div><\/div><\/div><div class=\"boldRow \" ><div class=\"boldRowInner\"><div class=\"rowItem col-md-12 col-ms-12  btTextLeft\"  data-width=\"12\"><div class=\"rowItemContent\" ><div class=\"rowItemContentInner\"><div class=\"btClear btSeparator topSpaced noBorder\" ><hr><\/div><\/div><\/div><\/div><\/div><\/div><\/div><\/div><\/div><\/section><section id=\"bt_section69defd5960ddd\"  class=\"boldSection inherit\" ><div class=\"port\"><div class=\"boldCell\"><div class=\"boldCellInner\"><div class=\"boldRow \" ><div class=\"boldRowInner\"><div class=\"rowItem col-md-12 col-ms-12  btTextLeft\"  data-width=\"12\"><div class=\"rowItemContent\" ><div class=\"rowItemContentInner\"><div class=\"btText\" ><p><a id=\"contatto\" name=\"contatto\"><\/a><\/p>\n<p class=\"attachment\"><a href='https:\/\/www.boracay.it\/wp-content\/uploads\/2019\/01\/animazione-alba-adriatica-2.jpg'><img width=\"320\" height=\"320\" src=\"https:\/\/www.boracay.it\/wp-content\/uploads\/2019\/01\/animazione-alba-adriatica-2-320x320.jpg\" class=\"attachment-medium size-medium\" alt=\"\" loading=\"lazy\" srcset=\"https:\/\/www.boracay.it\/wp-content\/uploads\/2019\/01\/animazione-alba-adriatica-2-320x320.jpg 320w, https:\/\/www.boracay.it\/wp-content\/uploads\/2019\/01\/animazione-alba-adriatica-2-160x160.jpg 160w, https:\/\/www.boracay.it\/wp-content\/uploads\/2019\/01\/animazione-alba-adriatica-2-768x768.jpg 768w, https:\/\/www.boracay.it\/wp-content\/uploads\/2019\/01\/animazione-alba-adriatica-2-540x540.jpg 540w, https:\/\/www.boracay.it\/wp-content\/uploads\/2019\/01\/animazione-alba-adriatica-2.jpg 800w\" sizes=\"(max-width: 320px) 100vw, 320px\" \/><\/a><\/p>\n<section id=\"bt_section69defd5962198\"  class=\"boldSection gutter inherit wBackground cover\" style=\"background-image:url('https:\/\/www.boracay.it\/wp-content\/uploads\/2019\/01\/Albergo-Alba-adriatica-bg-contatti-2.jpg');\">\n<div class=\"port\">\n<div class=\"boldCell\">\n<div class=\"boldCellInner\">\n<div class=\"boldRow \" >\n<div class=\"boldRowInner\">\n<div class=\"rowItem col-md-6 col-sm-12 btTextLeft btTextIndent inherit\"  data-width=\"6\">\n<div class=\"rowItemContent\" >\n<div class=\"rowItemContentInner\">\n<div class=\"btClear btSeparator bottomSpaced noBorder\" >\n<hr>\n<\/div>\n<header class=\"header btClear extralarge btDash bottomDash  btHeadlineDefaultColor btBottomDashAccentColor\" >\n<div class=\"dash\">\n<h2><span class=\"headline\">Buchen Sie Ihren Urlaub<\/span><\/h2>\n<\/div>\n<\/header>\n<div class=\"btText\" >\n<p>F\u00fcr weitere Informationen fordern Sie bitte einen kostenlosen Kostenvoranschlag f\u00fcr Ihren n\u00e4chsten Strandurlaub in Abruzzen an oder wenden Sie sich f\u00fcr eine andere Anfrage an folgende Adressen und E-Mail-Adressen.<\/p>\n<\/div>\n<div class=\"btClear btSeparator topSmallSpaced noBorder\" >\n<hr>\n<\/div>\n<div class=\"servicesItem  btIcoAccentColorIcon btIcoMediumSizeIcon \" style=\"font-size:20px;\">\n<div class=\"sIcon\"><span class=\"btIco btIcoMediumSize btIcoFilledType btIcoAccentColor\"><span  data-ico-s7=\"&#xe670;\" class=\"btIcoHolder\"><\/span><\/span><\/div>\n<div class=\"sTxt\">\n<header class=\"header btClear medium\" >\n<div class=\"dash\">\n<h4><span class=\"headline\">Telefon<\/span><\/h4>\n<\/div>\n<\/header>\n<p>+39 0861 71 36 12<br \/>\n<br \/>+39 347 73 93 280<\/p>\n<\/div>\n<\/div>\n<div class=\"btClear btSeparator bottomSmallSpaced noBorder\" >\n<hr>\n<\/div>\n<div class=\"servicesItem  btIcoAccentColorIcon btIcoMediumSizeIcon \" style=\"font-size:20px;\">\n<div class=\"sIcon\"><span class=\"btIco btIcoMediumSize btIcoFilledType btIcoAccentColor\"><span  data-ico-s7=\"&#xe63a;\" class=\"btIcoHolder\"><\/span><\/span><\/div>\n<div class=\"sTxt\">\n<header class=\"header btClear medium\" >\n<div class=\"dash\">\n<h4><span class=\"headline\">Email<\/span><\/h4>\n<\/div>\n<\/header>\n<p>info@boracay.it<\/p>\n<\/div>\n<\/div>\n<div class=\"btClear btSeparator bottomSemiSpaced noBorder\" >\n<hr>\n<\/div>\n<\/div>\n<\/div>\n<\/div>\n<div class=\"rowItem col-md-6 col-sm-12 btTextLeft\"  data-width=\"6\">\n<div class=\"rowItemContent\" >\n<div class=\"rowItemContentInner\">\n<div class=\"btClear btSeparator bottomSpaced noBorder\" >\n<hr>\n<\/div>\n<header class=\"header btClear medium btDash bottomDash  btHeadlineDefaultColor btBottomDashAccentColor\" >\n<div class=\"dash\">\n<h4><span class=\"headline\">Informationen anfordern<\/span><\/h4>\n<\/div>\n<\/header>\n<div class=\"btText\" >\n<div id=\"formContacto\"><\/div>\n<\/div>\n<div class=\"btClear btSeparator bottomSmallSpaced noBorder\" >\n<hr>\n<\/div>\n<\/div>\n<\/div>\n<\/div>\n<\/div>\n<\/div>\n<\/div>\n<\/div>\n<\/div>\n<\/section>\n<\/div><\/div><\/div><\/div><\/div><\/div><\/div><\/div><\/div><\/section>","protected":false},"excerpt":{"rendered":"","protected":false},"author":1,"featured_media":0,"parent":0,"menu_order":0,"comment_status":"closed","ping_status":"closed","template":"","meta":[],"_links":{"self":[{"href":"https:\/\/www.boracay.it\/de\/wp-json\/wp\/v2\/pages\/2573\/"}],"collection":[{"href":"https:\/\/www.boracay.it\/de\/wp-json\/wp\/v2\/pages\/"}],"about":[{"href":"https:\/\/www.boracay.it\/de\/wp-json\/wp\/v2\/types\/page\/"}],"author":[{"embeddable":true,"href":"https:\/\/www.boracay.it\/de\/wp-json\/wp\/v2\/users\/1\/"}],"replies":[{"embeddable":true,"href":"https:\/\/www.boracay.it\/de\/wp-json\/wp\/v2\/comments\/?post=2573"}],"version-history":[{"count":4,"href":"https:\/\/www.boracay.it\/de\/wp-json\/wp\/v2\/pages\/2573\/revisions\/"}],"predecessor-version":[{"id":3379,"href":"https:\/\/www.boracay.it\/de\/wp-json\/wp\/v2\/pages\/2573\/revisions\/3379\/"}],"wp:attachment":[{"href":"https:\/\/www.boracay.it\/de\/wp-json\/wp\/v2\/media\/?parent=2573"}],"curies":[{"name":"wp","href":"https:\/\/api.w.org\/{rel}","templated":true}]}}