{"id":2494,"date":"2019-01-10T17:42:03","date_gmt":"2019-01-10T16:42:03","guid":{"rendered":"http:\/\/www.boracay.it\/piscina\/"},"modified":"2019-02-22T11:29:53","modified_gmt":"2019-02-22T10:29:53","slug":"piscina","status":"publish","type":"page","link":"https:\/\/www.boracay.it\/de\/piscina\/","title":{"rendered":"Schwimmen"},"content":{"rendered":"<section id=\"bt_section69f3864417aa9\"  class=\"boldSection topSpaced bottomSpaced btDarkSkin gutter inherit wBackground cover\" style=\"background-image:url('https:\/\/www.boracay.it\/wp-content\/uploads\/2019\/02\/piscina-hotel-alba-adriatica.jpg');\"><div class=\"port\"><div class=\"boldCell\"><div class=\"boldCellInner\"><div class=\"boldRow \" ><div class=\"boldRowInner\"><div class=\"rowItem col-md-6 col-sm-12 btTextLeft\"  data-width=\"6\"><div class=\"rowItemContent\" ><div class=\"rowItemContentInner\"><\/div><\/div><\/div><div class=\"rowItem col-md-6 col-sm-12 btTextLeft\"  data-width=\"6\"><div class=\"rowItemContent\" ><div class=\"rowItemContentInner\"><div class=\"btClear btSeparator bottomSpaced noBorder\" ><hr><\/div><header class=\"header btClear huge btDash bottomDash  btHeadlineDefaultColor btBottomDashDefaultColor\" ><div class=\"dash\"><h1><span class=\"headline\">Hotelschwimmbad\r<br><i class=\"animate\">Boracay<\/i><\/span><\/h1><\/div><div class=\"btSubTitle\">Ferienhotel am Meer mit Pool in Alba Adriatica<\/div><\/header><div class=\"btIconImageRow\" ><div class=\"servicesItem  btIcoAccentColorIcon btIcoBigSizeIcon \"><div class=\"sIcon\"><span class=\"btIco btIcoBigSize btIcoFilledType btIcoAccentColor\"><a href=\"#contatto\" target=\"_self\" data-ico-s7=\"&#xe639;\" class=\"btIcoHolder\"><\/a><\/span><\/div><div class=\"sTxt\"><header class=\"header btClear medium\" ><div class=\"dash\"><div class=\"btSuperTitle\"><span>Zitat!<\/span><\/div><h4><span class=\"headline\">KONTAKT<\/span><\/h4><\/div><\/header><p><\/p><\/div><\/div><div class=\"servicesItem  btIcoAccentColorIcon btIcoBigSizeIcon \"><div class=\"sIcon\"><span class=\"btIco btIcoBigSize btIcoFilledType btIcoAccentColor\"><a href=\"http:\/\/www.boracay.it\/camere\/\" target=\"_self\" data-ico-fa=\"&#xf236;\" class=\"btIcoHolder\"><\/a><\/span><\/div><div class=\"sTxt\"><header class=\"header btClear medium\" ><div class=\"dash\"><div class=\"btSuperTitle\"><span>Die zimmer<\/span><\/div><h4><span class=\"headline\">ZIMMER<\/span><\/h4><\/div><\/header><p><\/p><\/div><\/div><\/div><\/div><\/div><\/div><\/div><\/div><\/div><\/div><\/div><\/section><section id=\"bt_section69f38644184cd\"  class=\"boldSection topSpaced bottomSemiSpaced gutter inherit\" ><div class=\"port\"><div class=\"boldCell\"><div class=\"boldCellInner\"><div class=\"boldRow \" ><div class=\"boldRowInner\"><div class=\"rowItem col-md-8 col-ms-12 btTextLeft\"  data-width=\"8\"><div class=\"rowItemContent\" ><div class=\"rowItemContentInner\"><div class=\"btClear btSeparator topSmallSpaced noBorder\" ><hr><\/div><header class=\"header btClear extralarge btDash topDash  btHeadlineAccentColor btBottomDashDefaultColor\" ><div class=\"dash\"><div class=\"btSuperTitle\"><span>Momente der Entspannung<\/span><\/div><h2><span class=\"headline\">Strandhotel f\u00fcr Familien mit Schwimmbad<\/span><\/h2><\/div><div class=\"btSubTitle\">Salzwasserpool, eine Oase der Ruhe<\/div><\/header><\/div><\/div><\/div><div class=\"rowItem col-md-4 col-ms-12 btTextLeft\"  data-width=\"4\"><div class=\"rowItemContent\" ><div class=\"rowItemContentInner\"><\/div><\/div><\/div><\/div><\/div><div class=\"boldRow \" ><div class=\"boldRowInner\"><div class=\"rowItem col-md-6 col-sm-12 btTextLeft\"  data-width=\"6\"><div class=\"rowItemContent\" ><div class=\"rowItemContentInner\"><div class=\"btClear btSeparator topSmallSpaced noBorder\" ><hr><\/div><div class=\"btText\" ><p>Unser Hotel mit Salzwasserpool, bekannt in den Abruzzen, verf\u00fcgt \u00fcber einen gro\u00dfen, komfortablen und entspannenden Au\u00dfenbereich: eine Oase der Ruhe, in der Sie sich sonnen und abk\u00fchlen k\u00f6nnen, wenn Sie nicht den nahegelegenen Privatstrand erreichen m\u00f6chten.<\/p>\n<p>Verbringen Sie wahrhaft einzigartige und vor allem entspannende Momente in unserem Hotel mit Salzwasserpool in Alba Adriatica. Genie\u00dfen Sie die warme Sommersonne auf bequemen Sonnenliegen oder erfrischen Sie sich beim Schwimmen. Buchen Sie jetzt gleich Ihren n\u00e4chsten Strandurlaub!<\/p>\n<\/div><div class=\"btClear btSeparator topSmallSpaced noBorder\" ><hr><\/div><\/div><\/div><\/div><div class=\"rowItem col-md-6 col-sm-12 btTextLeft\"  data-width=\"6\"><div class=\"rowItemContent\" ><div class=\"rowItemContentInner\"><div class=\"bpgPhoto  btCircleImage\"  style=\"margin-top:-60px;\"><div class = \"btImage\"><img src=\"https:\/\/www.boracay.it\/wp-content\/uploads\/2019\/02\/web-Boracay_2012-036-1920.jpg\" alt=\"\" ><\/div><\/div><\/div><\/div><\/div><\/div><\/div><div class=\"boldRow \" ><div class=\"boldRowInner\"><div class=\"rowItem col-md-12 col-ms-12  btTextLeft\"  data-width=\"12\"><div class=\"rowItemContent\" ><div class=\"rowItemContentInner\"><div class=\"btClear btSeparator topSemiSpaced bottomSemiSpaced noBorder\" ><hr><\/div><div class=\"tilesWall btGridGallery tiled  btGridGap-1 lightbox\" data-col=\"5\"><div class=\"gridSizer\"><\/div><div class=\"gridItem btGhostSliderThumb bt11\" data-order-num=\"0\"><div class=\"btTileBox\"><div class=\"bpgPhoto \" > \r\n\t\t\t\t\t<a href=\"https:\/\/www.boracay.it\/wp-content\/uploads\/2019\/01\/animazione-alba-adriatica-3.jpg\" class=\"lightbox\" data-title=\"\"><\/a>\r\n\t\t\t\t\t<div class=\"boldPhotoBox\"><div class=\"bpbItem\"><div class = \"btImage\"><img src=\"https:\/\/www.boracay.it\/wp-content\/uploads\/2019\/01\/animazione-alba-adriatica-3-540x540.jpg\" alt=\"\" ><\/div><\/div><\/div>\r\n\t\t\t\t\t<div class=\"captionPane btDarkSkin\">\r\n\t\t\t\t\t\t<div class=\"captionTable\">\r\n\t\t\t\t\t\t\t<div class=\"captionCell\">\r\n\t\t\t\t\t\t\t\t<div class=\"captionTxt\"><\/div>\r\n\t\t\t\t\t\t\t<\/div>\r\n\t\t\t\t\t\t<\/div>\r\n\t\t\t\t\t<\/div><\/div><\/div><\/div><div class=\"gridItem btGhostSliderThumb bt11\" data-order-num=\"1\"><div class=\"btTileBox\"><div class=\"bpgPhoto \" > \r\n\t\t\t\t\t<a href=\"https:\/\/www.boracay.it\/wp-content\/uploads\/2019\/02\/Boracay_2012-037.jpg\" class=\"lightbox\" data-title=\"\"><\/a>\r\n\t\t\t\t\t<div class=\"boldPhotoBox\"><div class=\"bpbItem\"><div class = \"btImage\"><img src=\"https:\/\/www.boracay.it\/wp-content\/uploads\/2019\/02\/Boracay_2012-037-540x540.jpg\" alt=\"\" ><\/div><\/div><\/div>\r\n\t\t\t\t\t<div class=\"captionPane btDarkSkin\">\r\n\t\t\t\t\t\t<div class=\"captionTable\">\r\n\t\t\t\t\t\t\t<div class=\"captionCell\">\r\n\t\t\t\t\t\t\t\t<div class=\"captionTxt\"><\/div>\r\n\t\t\t\t\t\t\t<\/div>\r\n\t\t\t\t\t\t<\/div>\r\n\t\t\t\t\t<\/div><\/div><\/div><\/div><div class=\"gridItem btGhostSliderThumb bt11\" data-order-num=\"2\"><div class=\"btTileBox\"><div class=\"bpgPhoto \" > \r\n\t\t\t\t\t<a href=\"https:\/\/www.boracay.it\/wp-content\/uploads\/2019\/02\/Boracay_2012-005.jpg\" class=\"lightbox\" data-title=\"\"><\/a>\r\n\t\t\t\t\t<div class=\"boldPhotoBox\"><div class=\"bpbItem\"><div class = \"btImage\"><img src=\"https:\/\/www.boracay.it\/wp-content\/uploads\/2019\/02\/Boracay_2012-005-540x540.jpg\" alt=\"\" ><\/div><\/div><\/div>\r\n\t\t\t\t\t<div class=\"captionPane btDarkSkin\">\r\n\t\t\t\t\t\t<div class=\"captionTable\">\r\n\t\t\t\t\t\t\t<div class=\"captionCell\">\r\n\t\t\t\t\t\t\t\t<div class=\"captionTxt\"><\/div>\r\n\t\t\t\t\t\t\t<\/div>\r\n\t\t\t\t\t\t<\/div>\r\n\t\t\t\t\t<\/div><\/div><\/div><\/div><div class=\"gridItem btGhostSliderThumb bt11\" data-order-num=\"3\"><div class=\"btTileBox\"><div class=\"bpgPhoto \" > \r\n\t\t\t\t\t<a href=\"https:\/\/www.boracay.it\/wp-content\/uploads\/2019\/02\/Boracay_2012-006.jpg\" class=\"lightbox\" data-title=\"\"><\/a>\r\n\t\t\t\t\t<div class=\"boldPhotoBox\"><div class=\"bpbItem\"><div class = \"btImage\"><img src=\"https:\/\/www.boracay.it\/wp-content\/uploads\/2019\/02\/Boracay_2012-006-540x540.jpg\" alt=\"\" ><\/div><\/div><\/div>\r\n\t\t\t\t\t<div class=\"captionPane btDarkSkin\">\r\n\t\t\t\t\t\t<div class=\"captionTable\">\r\n\t\t\t\t\t\t\t<div class=\"captionCell\">\r\n\t\t\t\t\t\t\t\t<div class=\"captionTxt\"><\/div>\r\n\t\t\t\t\t\t\t<\/div>\r\n\t\t\t\t\t\t<\/div>\r\n\t\t\t\t\t<\/div><\/div><\/div><\/div><div class=\"gridItem btGhostSliderThumb bt11\" data-order-num=\"4\"><div class=\"btTileBox\"><div class=\"bpgPhoto \" > \r\n\t\t\t\t\t<a href=\"https:\/\/www.boracay.it\/wp-content\/uploads\/2019\/02\/Boracay_2012-013.jpg\" class=\"lightbox\" data-title=\"\"><\/a>\r\n\t\t\t\t\t<div class=\"boldPhotoBox\"><div class=\"bpbItem\"><div class = \"btImage\"><img src=\"https:\/\/www.boracay.it\/wp-content\/uploads\/2019\/02\/Boracay_2012-013-540x540.jpg\" alt=\"\" ><\/div><\/div><\/div>\r\n\t\t\t\t\t<div class=\"captionPane btDarkSkin\">\r\n\t\t\t\t\t\t<div class=\"captionTable\">\r\n\t\t\t\t\t\t\t<div class=\"captionCell\">\r\n\t\t\t\t\t\t\t\t<div class=\"captionTxt\"><\/div>\r\n\t\t\t\t\t\t\t<\/div>\r\n\t\t\t\t\t\t<\/div>\r\n\t\t\t\t\t<\/div><\/div><\/div><\/div><div class=\"gridItem btGhostSliderThumb bt11\" data-order-num=\"5\"><div class=\"btTileBox\"><div class=\"bpgPhoto \" > \r\n\t\t\t\t\t<a href=\"https:\/\/www.boracay.it\/wp-content\/uploads\/2019\/02\/Boracay_2012-018.jpg\" class=\"lightbox\" data-title=\"\"><\/a>\r\n\t\t\t\t\t<div class=\"boldPhotoBox\"><div class=\"bpbItem\"><div class = \"btImage\"><img src=\"https:\/\/www.boracay.it\/wp-content\/uploads\/2019\/02\/Boracay_2012-018-540x540.jpg\" alt=\"\" ><\/div><\/div><\/div>\r\n\t\t\t\t\t<div class=\"captionPane btDarkSkin\">\r\n\t\t\t\t\t\t<div class=\"captionTable\">\r\n\t\t\t\t\t\t\t<div class=\"captionCell\">\r\n\t\t\t\t\t\t\t\t<div class=\"captionTxt\"><\/div>\r\n\t\t\t\t\t\t\t<\/div>\r\n\t\t\t\t\t\t<\/div>\r\n\t\t\t\t\t<\/div><\/div><\/div><\/div><div class=\"gridItem btGhostSliderThumb bt11\" data-order-num=\"6\"><div class=\"btTileBox\"><div class=\"bpgPhoto \" > \r\n\t\t\t\t\t<a href=\"https:\/\/www.boracay.it\/wp-content\/uploads\/2019\/02\/Boracay_2012-019.jpg\" class=\"lightbox\" data-title=\"\"><\/a>\r\n\t\t\t\t\t<div class=\"boldPhotoBox\"><div class=\"bpbItem\"><div class = \"btImage\"><img src=\"https:\/\/www.boracay.it\/wp-content\/uploads\/2019\/02\/Boracay_2012-019-540x540.jpg\" alt=\"\" ><\/div><\/div><\/div>\r\n\t\t\t\t\t<div class=\"captionPane btDarkSkin\">\r\n\t\t\t\t\t\t<div class=\"captionTable\">\r\n\t\t\t\t\t\t\t<div class=\"captionCell\">\r\n\t\t\t\t\t\t\t\t<div class=\"captionTxt\"><\/div>\r\n\t\t\t\t\t\t\t<\/div>\r\n\t\t\t\t\t\t<\/div>\r\n\t\t\t\t\t<\/div><\/div><\/div><\/div><div class=\"gridItem btGhostSliderThumb bt11\" data-order-num=\"7\"><div class=\"btTileBox\"><div class=\"bpgPhoto \" > \r\n\t\t\t\t\t<a href=\"https:\/\/www.boracay.it\/wp-content\/uploads\/2019\/02\/Boracay_2012-021-1.jpg\" class=\"lightbox\" data-title=\"\"><\/a>\r\n\t\t\t\t\t<div class=\"boldPhotoBox\"><div class=\"bpbItem\"><div class = \"btImage\"><img src=\"https:\/\/www.boracay.it\/wp-content\/uploads\/2019\/02\/Boracay_2012-021-1-540x540.jpg\" alt=\"\" ><\/div><\/div><\/div>\r\n\t\t\t\t\t<div class=\"captionPane btDarkSkin\">\r\n\t\t\t\t\t\t<div class=\"captionTable\">\r\n\t\t\t\t\t\t\t<div class=\"captionCell\">\r\n\t\t\t\t\t\t\t\t<div class=\"captionTxt\"><\/div>\r\n\t\t\t\t\t\t\t<\/div>\r\n\t\t\t\t\t\t<\/div>\r\n\t\t\t\t\t<\/div><\/div><\/div><\/div><div class=\"gridItem btGhostSliderThumb bt11\" data-order-num=\"8\"><div class=\"btTileBox\"><div class=\"bpgPhoto \" > \r\n\t\t\t\t\t<a href=\"https:\/\/www.boracay.it\/wp-content\/uploads\/2019\/02\/Boracay_2012-036.jpg\" class=\"lightbox\" data-title=\"\"><\/a>\r\n\t\t\t\t\t<div class=\"boldPhotoBox\"><div class=\"bpbItem\"><div class = \"btImage\"><img src=\"https:\/\/www.boracay.it\/wp-content\/uploads\/2019\/02\/Boracay_2012-036-540x540.jpg\" alt=\"\" ><\/div><\/div><\/div>\r\n\t\t\t\t\t<div class=\"captionPane btDarkSkin\">\r\n\t\t\t\t\t\t<div class=\"captionTable\">\r\n\t\t\t\t\t\t\t<div class=\"captionCell\">\r\n\t\t\t\t\t\t\t\t<div class=\"captionTxt\"><\/div>\r\n\t\t\t\t\t\t\t<\/div>\r\n\t\t\t\t\t\t<\/div>\r\n\t\t\t\t\t<\/div><\/div><\/div><\/div><div class=\"gridItem btGhostSliderThumb bt11\" data-order-num=\"9\"><div class=\"btTileBox\"><div class=\"bpgPhoto \" > \r\n\t\t\t\t\t<a href=\"https:\/\/www.boracay.it\/wp-content\/uploads\/2019\/01\/jacuzzi-alba-adriatica-1.jpg\" class=\"lightbox\" data-title=\"\"><\/a>\r\n\t\t\t\t\t<div class=\"boldPhotoBox\"><div class=\"bpbItem\"><div class = \"btImage\"><img src=\"https:\/\/www.boracay.it\/wp-content\/uploads\/2019\/01\/jacuzzi-alba-adriatica-1-540x464.jpg\" alt=\"\" ><\/div><\/div><\/div>\r\n\t\t\t\t\t<div class=\"captionPane btDarkSkin\">\r\n\t\t\t\t\t\t<div class=\"captionTable\">\r\n\t\t\t\t\t\t\t<div class=\"captionCell\">\r\n\t\t\t\t\t\t\t\t<div class=\"captionTxt\"><\/div>\r\n\t\t\t\t\t\t\t<\/div>\r\n\t\t\t\t\t\t<\/div>\r\n\t\t\t\t\t<\/div><\/div><\/div><\/div><\/div><div class=\"btClear btSeparator topSmallSpaced noBorder\" ><hr><\/div><\/div><\/div><\/div><\/div><\/div><\/div><\/div><\/div><\/section><section id=\"bt_section69f386441bdfd\"  class=\"boldSection btDarkSkin gutter inherit\" style=\"background-color:#b71234;\"><div class=\"port\"><div class=\"boldCell\"><div class=\"boldCellInner\"><div class=\"boldRow \" ><div class=\"boldRowInner\"><div class=\"rowItem col-md-12 col-ms-12  btTextLeft\"  data-width=\"12\"><div class=\"rowItemContent\" ><div class=\"rowItemContentInner\"><div class=\"btClear btSeparator bottomSemiSpaced noBorder\" ><hr><\/div><div class=\"btText\" ><div class=\"btText\">\n<blockquote><p>Verbringen Sie einzigartige und vor allem entspannende Momente in unserem Hotel mit Salzwasserpool in Alba Adriatica<\/p><\/blockquote>\n<\/div>\n<\/div><div class=\"btClear btSeparator bottomSmallSpaced noBorder\" ><hr><\/div><\/div><\/div><\/div><\/div><\/div><\/div><\/div><\/div><\/section><section id=\"bt_section69f386441c392\"  class=\"boldSection topSpaced bottomSemiSpaced gutter inherit\" ><div class=\"port\"><div class=\"boldCell\"><div class=\"boldCellInner\"><div class=\"boldRow \" ><div class=\"boldRowInner\"><div class=\"rowItem col-md-6 col-sm-12 btTextLeft\"  data-width=\"6\"><div class=\"rowItemContent\" ><div class=\"rowItemContentInner\"><div class=\"btText\" ><h3 data-fontsize=\"40\" data-lineheight=\"44\">Miniclub-Aktivit\u00e4ten<\/h3>\n<p>Spezialisierte Mitarbeiter k\u00fcmmern sich dann um Ihre Kinder und werden sie durch die Aktivit\u00e4ten des Miniclubs dazu bringen, dass sie spielen, Spa\u00df haben und wie nie zuvor wild werden. In unserem 3-Sterne-Hotel in den Abruzzen k\u00f6nnen Sie sich so richtig entspannen und Ihre Kinder vergn\u00fcgen.<\/p>\n<p><a style=\"padding: 10px 20px; color: #fff; background-color: #02958c; text-decoration: none;\" href=\"http:\/\/www.boracay.it\/animazione\/\">Erfahren Sie mehr<\/a><\/p>\n<\/div><\/div><\/div><\/div><div class=\"rowItem col-md-6 col-sm-12 btTextLeft\"  data-width=\"6\"><div class=\"rowItemContent\" ><div class=\"rowItemContentInner\"><div class=\"bpgPhoto \" ><div class = \"btImage\"><img src=\"https:\/\/www.boracay.it\/wp-content\/uploads\/2019\/01\/animazione-01.jpg\" alt=\"animazione baby club\" ><\/div><\/div><\/div><\/div><\/div><\/div><\/div><div class=\"boldRow \" ><div class=\"boldRowInner\"><div class=\"rowItem col-md-12 col-ms-12  btTextLeft\"  data-width=\"12\"><div class=\"rowItemContent\" ><div class=\"rowItemContentInner\"><div class=\"btClear btSeparator topSpaced noBorder\" ><hr><\/div><\/div><\/div><\/div><\/div><\/div><\/div><\/div><\/div><\/section><section id=\"bt_section69f386441ce66\"  class=\"boldSection inherit\" ><div class=\"port\"><div class=\"boldCell\"><div class=\"boldCellInner\"><div class=\"boldRow \" ><div class=\"boldRowInner\"><div class=\"rowItem col-md-12 col-ms-12  btTextLeft\"  data-width=\"12\"><div class=\"rowItemContent\" ><div class=\"rowItemContentInner\"><div class=\"btText\" ><p class=\"attachment\"><a href='https:\/\/www.boracay.it\/wp-content\/uploads\/2019\/01\/jacuzzi-alba-adriatica-1.jpg'><img width=\"320\" height=\"252\" src=\"https:\/\/www.boracay.it\/wp-content\/uploads\/2019\/01\/jacuzzi-alba-adriatica-1-320x252.jpg\" class=\"attachment-medium size-medium\" alt=\"\" loading=\"lazy\" srcset=\"https:\/\/www.boracay.it\/wp-content\/uploads\/2019\/01\/jacuzzi-alba-adriatica-1-320x252.jpg 320w, https:\/\/www.boracay.it\/wp-content\/uploads\/2019\/01\/jacuzzi-alba-adriatica-1-540x425.jpg 540w, https:\/\/www.boracay.it\/wp-content\/uploads\/2019\/01\/jacuzzi-alba-adriatica-1.jpg 590w\" sizes=\"(max-width: 320px) 100vw, 320px\" \/><\/a><\/p>\n<section id=\"bt_section69f386441dcb9\"  class=\"boldSection gutter inherit wBackground cover\" style=\"background-image:url('https:\/\/www.boracay.it\/wp-content\/uploads\/2019\/01\/Albergo-Alba-adriatica-bg-contatti-2.jpg');\"><div class=\"port\"><div class=\"boldCell\"><div class=\"boldCellInner\"><div class=\"boldRow \" ><div class=\"boldRowInner\"><div class=\"rowItem col-md-6 col-sm-12 btTextLeft btTextIndent inherit\"  data-width=\"6\"><div class=\"rowItemContent\" ><div class=\"rowItemContentInner\"><div class=\"btClear btSeparator bottomSpaced noBorder\" ><hr><\/div><header class=\"header btClear extralarge btDash bottomDash  btHeadlineDefaultColor btBottomDashAccentColor\" ><div class=\"dash\"><h2><span class=\"headline\">Buchen Sie Ihren Urlaub<\/span><\/h2><\/div><\/header><div class=\"btText\" ><p>F\u00fcr weitere Informationen fordern Sie bitte einen kostenlosen Kostenvoranschlag f\u00fcr Ihren n\u00e4chsten Strandurlaub in Abruzzen an oder wenden Sie sich f\u00fcr eine andere Anfrage an folgende Adressen und E-Mail-Adressen.<\/p>\n<\/div><div class=\"btClear btSeparator topSmallSpaced noBorder\" ><hr><\/div><div class=\"servicesItem  btIcoAccentColorIcon btIcoMediumSizeIcon \" style=\"font-size:20px;\"><div class=\"sIcon\"><span class=\"btIco btIcoMediumSize btIcoFilledType btIcoAccentColor\"><span  data-ico-s7=\"&#xe670;\" class=\"btIcoHolder\"><\/span><\/span><\/div><div class=\"sTxt\"><header class=\"header btClear medium\" ><div class=\"dash\"><h4><span class=\"headline\">Telefon<\/span><\/h4><\/div><\/header><p>+39 0861 71 36 12\r<br\/>+39 347 73 93 280<\/p><\/div><\/div><div class=\"btClear btSeparator bottomSmallSpaced noBorder\" ><hr><\/div><div class=\"servicesItem  btIcoAccentColorIcon btIcoMediumSizeIcon \" style=\"font-size:20px;\"><div class=\"sIcon\"><span class=\"btIco btIcoMediumSize btIcoFilledType btIcoAccentColor\"><span  data-ico-s7=\"&#xe63a;\" class=\"btIcoHolder\"><\/span><\/span><\/div><div class=\"sTxt\"><header class=\"header btClear medium\" ><div class=\"dash\"><h4><span class=\"headline\">Email<\/span><\/h4><\/div><\/header><p>info@boracay.it<\/p><\/div><\/div><div class=\"btClear btSeparator bottomSemiSpaced noBorder\" ><hr><\/div><\/div><\/div><\/div><div class=\"rowItem col-md-6 col-sm-12 btTextLeft\"  data-width=\"6\"><div class=\"rowItemContent\" ><div class=\"rowItemContentInner\"><div class=\"btClear btSeparator bottomSpaced noBorder\" ><hr><\/div><header class=\"header btClear medium btDash bottomDash  btHeadlineDefaultColor btBottomDashAccentColor\" ><div class=\"dash\"><h4><span class=\"headline\">Informationen anfordern<\/span><\/h4><\/div><\/header><div class=\"btText\" ><div id=\"formContacto\"><\/div>\n<\/div><div class=\"btClear btSeparator bottomSmallSpaced noBorder\" ><hr><\/div><\/div><\/div><\/div><\/div><\/div><\/div><\/div><\/div><\/section><\/div><\/div><\/div><\/div><\/div><\/div><\/div><\/div><\/div><\/section>","protected":false},"excerpt":{"rendered":"","protected":false},"author":1,"featured_media":0,"parent":0,"menu_order":0,"comment_status":"closed","ping_status":"closed","template":"","meta":[],"_links":{"self":[{"href":"https:\/\/www.boracay.it\/de\/wp-json\/wp\/v2\/pages\/2494\/"}],"collection":[{"href":"https:\/\/www.boracay.it\/de\/wp-json\/wp\/v2\/pages\/"}],"about":[{"href":"https:\/\/www.boracay.it\/de\/wp-json\/wp\/v2\/types\/page\/"}],"author":[{"embeddable":true,"href":"https:\/\/www.boracay.it\/de\/wp-json\/wp\/v2\/users\/1\/"}],"replies":[{"embeddable":true,"href":"https:\/\/www.boracay.it\/de\/wp-json\/wp\/v2\/comments\/?post=2494"}],"version-history":[{"count":2,"href":"https:\/\/www.boracay.it\/de\/wp-json\/wp\/v2\/pages\/2494\/revisions\/"}],"predecessor-version":[{"id":3364,"href":"https:\/\/www.boracay.it\/de\/wp-json\/wp\/v2\/pages\/2494\/revisions\/3364\/"}],"wp:attachment":[{"href":"https:\/\/www.boracay.it\/de\/wp-json\/wp\/v2\/media\/?parent=2494"}],"curies":[{"name":"wp","href":"https:\/\/api.w.org\/{rel}","templated":true}]}}