{"id":2418,"date":"2019-01-10T11:31:30","date_gmt":"2019-01-10T10:31:30","guid":{"rendered":"http:\/\/www.boracay.it\/ristorante\/"},"modified":"2019-02-22T11:29:46","modified_gmt":"2019-02-22T10:29:46","slug":"ristorante","status":"publish","type":"page","link":"https:\/\/www.boracay.it\/de\/ristorante\/","title":{"rendered":"Restaurant"},"content":{"rendered":"<section id=\"bt_section69e7374ec916d\"  class=\"boldSection topSpaced bottomSpaced btDarkSkin gutter inherit wBackground cover\" style=\"background-image:url('https:\/\/www.boracay.it\/wp-content\/uploads\/2019\/02\/web-Boracay_2012-024-1920.jpg');\"><div class=\"port\"><div class=\"boldCell\"><div class=\"boldCellInner\"><div class=\"boldRow \" ><div class=\"boldRowInner\"><div class=\"rowItem col-md-6 col-sm-12 btTextLeft\"  data-width=\"6\"><div class=\"rowItemContent\" ><div class=\"rowItemContentInner\"><\/div><\/div><\/div><div class=\"rowItem col-md-6 col-sm-12 btTextLeft\"  data-width=\"6\"><div class=\"rowItemContent\" ><div class=\"rowItemContentInner\"><div class=\"btClear btSeparator bottomSpaced noBorder\" ><hr><\/div><header class=\"header btClear huge btDash bottomDash  btHeadlineDefaultColor btBottomDashDefaultColor\" ><div class=\"dash\"><h1><span class=\"headline\">Hotelrestaurant\r<br><i class=\"animate\">Alba Adriatica<\/i><\/span><\/h1><\/div><div class=\"btSubTitle\">Ferienhotel am Meer mit Pool in Alba Adriatica<\/div><\/header><div class=\"btIconImageRow\" ><div class=\"servicesItem  btIcoAccentColorIcon btIcoBigSizeIcon \"><div class=\"sIcon\"><span class=\"btIco btIcoBigSize btIcoFilledType btIcoAccentColor\"><a href=\"#contatto\" target=\"_self\" data-ico-s7=\"&#xe639;\" class=\"btIcoHolder\"><\/a><\/span><\/div><div class=\"sTxt\"><header class=\"header btClear medium\" ><div class=\"dash\"><div class=\"btSuperTitle\"><span>Zitat!<\/span><\/div><h4><span class=\"headline\">KONTAKT<\/span><\/h4><\/div><\/header><p><\/p><\/div><\/div><div class=\"servicesItem  btIcoAccentColorIcon btIcoBigSizeIcon \"><div class=\"sIcon\"><span class=\"btIco btIcoBigSize btIcoFilledType btIcoAccentColor\"><a href=\"http:\/\/www.boracay.it\/camere\/\" target=\"_self\" data-ico-fa=\"&#xf236;\" class=\"btIcoHolder\"><\/a><\/span><\/div><div class=\"sTxt\"><header class=\"header btClear medium\" ><div class=\"dash\"><div class=\"btSuperTitle\"><span>Le camere<\/span><\/div><h4><span class=\"headline\">CAMERE<\/span><\/h4><\/div><\/header><p><\/p><\/div><\/div><\/div><\/div><\/div><\/div><\/div><\/div><\/div><\/div><\/div><\/section><section id=\"bt_section69e7374ecbbce\"  class=\"boldSection topSpaced bottomSemiSpaced gutter inherit\" ><div class=\"port\"><div class=\"boldCell\"><div class=\"boldCellInner\"><div class=\"boldRow \" ><div class=\"boldRowInner\"><div class=\"rowItem col-md-9 col-ms-12  btTextLeft\"  data-width=\"9\"><div class=\"rowItemContent\" ><div class=\"rowItemContentInner\"><header class=\"header btClear extralarge btDash topDash  btHeadlineAccentColor btBottomDashDefaultColor\" ><div class=\"dash\"><div class=\"btSuperTitle\"><span>TRADITION &amp; ELEGANZ<\/span><\/div><h2><span class=\"headline\">3-Sterne-Hotel f\u00fcr Strandurlaub mit Restaurant in Alba Adriatica<\/span><\/h2><\/div><\/header><\/div><\/div><\/div><div class=\"rowItem col-md-3 col-sm-6 col-ms-12 btTextLeft\"  data-width=\"3\"><div class=\"rowItemContent\" ><div class=\"rowItemContentInner\"><\/div><\/div><\/div><\/div><\/div><div class=\"boldRow \" ><div class=\"boldRowInner\"><div class=\"rowItem col-md-6 col-sm-12 btTextLeft\"  data-width=\"6\"><div class=\"rowItemContent\" ><div class=\"rowItemContentInner\"><div class=\"btClear btSeparator topSemiSpaced noBorder\" ><hr><\/div><div class=\"btText\" ><p>Das <strong>Boracay Hotel<\/strong> in <strong>Alba Adriatica<\/strong> verf\u00fcgt auch \u00fcber einen gro\u00dfen Speisesaal, in dem unsere G\u00e4ste jeden Tag zum Mittag- und Abendessen die Aromen unseres Landes mit den k\u00f6stlichen Gerichten des K\u00fcchenchefs und seiner Mitarbeiter probieren.<\/p>\n<p>Sie k\u00f6nnen aus k\u00f6stlichen Fleisch- oder Fischmen\u00fcs w\u00e4hlen, die immer von einem reichhaltigen und abwechslungsreichen Buffet mit Beilagen und leckeren Desserts begleitet werden.<\/p>\n<p>F\u00fcr die Zubereitung unserer Gerichte w\u00e4hlen wir nur hochwertige Zutaten, um unseren G\u00e4sten nur das Beste in einem der neuesten und renommiertesten Hotels in Alba Adriatica zu bieten.<\/p>\n<p>Die K\u00fcche des Hotels Boracay ist von Respekt f\u00fcr die Traditionen gepr\u00e4gt und beh\u00e4lt die nat\u00fcrlichen Aromen der verschiedenen Zutaten bei. Die Frische und Echtheit wird durch typische Gerichte hervorgehoben, die an die gro\u00dfen Traditionen der historischen Hotels in Alba Adriatica erinnern.<\/p>\n<\/div><\/div><\/div><\/div><div class=\"rowItem col-md-6 col-sm-12 btTextLeft\"  data-width=\"6\"><div class=\"rowItemContent\" ><div class=\"rowItemContentInner\"><div class=\"btClear btSeparator topSemiSpaced noBorder\" ><hr><\/div><div class=\"bpgPhoto  btCircleImage\" ><div class = \"btImage\"><img src=\"https:\/\/www.boracay.it\/wp-content\/uploads\/2019\/01\/ristorante-boracay-1.jpg\" alt=\"ristorante-hotel-tre-stelle-alba-adriatica\" ><\/div><\/div><\/div><\/div><\/div><\/div><\/div><div class=\"boldRow \" ><div class=\"boldRowInner\"><div class=\"rowItem col-md-12 col-ms-12  btTextLeft\"  data-width=\"12\"><div class=\"rowItemContent\" ><div class=\"rowItemContentInner\"><div class=\"btClear btSeparator topSpaced noBorder\" ><hr><\/div><div class=\"tilesWall btGridGallery tiled  btGridGap-1 lightbox\" data-col=\"6\"><div class=\"gridSizer\"><\/div><div class=\"gridItem btGhostSliderThumb bt11\" data-order-num=\"0\"><div class=\"btTileBox\"><div class=\"bpgPhoto \" > \r\n\t\t\t\t\t<a href=\"https:\/\/www.boracay.it\/wp-content\/uploads\/2019\/02\/web-BORACAY-089-1920.jpg\" class=\"lightbox\" data-title=\"Hotel Boracay\"><\/a>\r\n\t\t\t\t\t<div class=\"boldPhotoBox\"><div class=\"bpbItem\"><div class = \"btImage\"><img src=\"https:\/\/www.boracay.it\/wp-content\/uploads\/2019\/02\/web-BORACAY-089-1920-540x540.jpg\" alt=\"\" ><\/div><\/div><\/div>\r\n\t\t\t\t\t<div class=\"captionPane btDarkSkin\">\r\n\t\t\t\t\t\t<div class=\"captionTable\">\r\n\t\t\t\t\t\t\t<div class=\"captionCell\">\r\n\t\t\t\t\t\t\t\t<div class=\"captionTxt\"><header class=\"header btClear medium btDash topDash\" ><div class=\"dash\"><h4><span class=\"headline\">Hotel Boracay<\/span><\/h4><\/div><\/header><\/div>\r\n\t\t\t\t\t\t\t<\/div>\r\n\t\t\t\t\t\t<\/div>\r\n\t\t\t\t\t<\/div><\/div><\/div><\/div><div class=\"gridItem btGhostSliderThumb bt11\" data-order-num=\"1\"><div class=\"btTileBox\"><div class=\"bpgPhoto \" > \r\n\t\t\t\t\t<a href=\"https:\/\/www.boracay.it\/wp-content\/uploads\/2019\/02\/web-BORACAY-082-1920.jpg\" class=\"lightbox\" data-title=\"Hotel Boracay\"><\/a>\r\n\t\t\t\t\t<div class=\"boldPhotoBox\"><div class=\"bpbItem\"><div class = \"btImage\"><img src=\"https:\/\/www.boracay.it\/wp-content\/uploads\/2019\/02\/web-BORACAY-082-1920-540x540.jpg\" alt=\"Ristorante Piatti Tipici\" ><\/div><\/div><\/div>\r\n\t\t\t\t\t<div class=\"captionPane btDarkSkin\">\r\n\t\t\t\t\t\t<div class=\"captionTable\">\r\n\t\t\t\t\t\t\t<div class=\"captionCell\">\r\n\t\t\t\t\t\t\t\t<div class=\"captionTxt\"><header class=\"header btClear medium btDash topDash\" ><div class=\"dash\"><h4><span class=\"headline\">Hotel Boracay<\/span><\/h4><\/div><\/header><\/div>\r\n\t\t\t\t\t\t\t<\/div>\r\n\t\t\t\t\t\t<\/div>\r\n\t\t\t\t\t<\/div><\/div><\/div><\/div><div class=\"gridItem btGhostSliderThumb bt11\" data-order-num=\"2\"><div class=\"btTileBox\"><div class=\"bpgPhoto \" > \r\n\t\t\t\t\t<a href=\"https:\/\/www.boracay.it\/wp-content\/uploads\/2019\/02\/web-BORACAY-086-1920.jpg\" class=\"lightbox\" data-title=\"Hotel Boracay\"><\/a>\r\n\t\t\t\t\t<div class=\"boldPhotoBox\"><div class=\"bpbItem\"><div class = \"btImage\"><img src=\"https:\/\/www.boracay.it\/wp-content\/uploads\/2019\/02\/web-BORACAY-086-1920-540x540.jpg\" alt=\"\" ><\/div><\/div><\/div>\r\n\t\t\t\t\t<div class=\"captionPane btDarkSkin\">\r\n\t\t\t\t\t\t<div class=\"captionTable\">\r\n\t\t\t\t\t\t\t<div class=\"captionCell\">\r\n\t\t\t\t\t\t\t\t<div class=\"captionTxt\"><header class=\"header btClear medium btDash topDash\" ><div class=\"dash\"><h4><span class=\"headline\">Hotel Boracay<\/span><\/h4><\/div><\/header><\/div>\r\n\t\t\t\t\t\t\t<\/div>\r\n\t\t\t\t\t\t<\/div>\r\n\t\t\t\t\t<\/div><\/div><\/div><\/div><div class=\"gridItem btGhostSliderThumb bt11\" data-order-num=\"3\"><div class=\"btTileBox\"><div class=\"bpgPhoto \" > \r\n\t\t\t\t\t<a href=\"https:\/\/www.boracay.it\/wp-content\/uploads\/2019\/02\/web-BORACAY-088-1920.jpg\" class=\"lightbox\" data-title=\"Hotel Boracay\"><\/a>\r\n\t\t\t\t\t<div class=\"boldPhotoBox\"><div class=\"bpbItem\"><div class = \"btImage\"><img src=\"https:\/\/www.boracay.it\/wp-content\/uploads\/2019\/02\/web-BORACAY-088-1920-540x540.jpg\" alt=\"\" ><\/div><\/div><\/div>\r\n\t\t\t\t\t<div class=\"captionPane btDarkSkin\">\r\n\t\t\t\t\t\t<div class=\"captionTable\">\r\n\t\t\t\t\t\t\t<div class=\"captionCell\">\r\n\t\t\t\t\t\t\t\t<div class=\"captionTxt\"><header class=\"header btClear medium btDash topDash\" ><div class=\"dash\"><h4><span class=\"headline\">Hotel Boracay<\/span><\/h4><\/div><\/header><\/div>\r\n\t\t\t\t\t\t\t<\/div>\r\n\t\t\t\t\t\t<\/div>\r\n\t\t\t\t\t<\/div><\/div><\/div><\/div><div class=\"gridItem btGhostSliderThumb bt11\" data-order-num=\"4\"><div class=\"btTileBox\"><div class=\"bpgPhoto \" > \r\n\t\t\t\t\t<a href=\"https:\/\/www.boracay.it\/wp-content\/uploads\/2019\/01\/ristorante-boracay-1.jpg\" class=\"lightbox\" data-title=\"\"><\/a>\r\n\t\t\t\t\t<div class=\"boldPhotoBox\"><div class=\"bpbItem\"><div class = \"btImage\"><img src=\"https:\/\/www.boracay.it\/wp-content\/uploads\/2019\/01\/ristorante-boracay-1-540x540.jpg\" alt=\"\" ><\/div><\/div><\/div>\r\n\t\t\t\t\t<div class=\"captionPane btDarkSkin\">\r\n\t\t\t\t\t\t<div class=\"captionTable\">\r\n\t\t\t\t\t\t\t<div class=\"captionCell\">\r\n\t\t\t\t\t\t\t\t<div class=\"captionTxt\"><\/div>\r\n\t\t\t\t\t\t\t<\/div>\r\n\t\t\t\t\t\t<\/div>\r\n\t\t\t\t\t<\/div><\/div><\/div><\/div><div class=\"gridItem btGhostSliderThumb bt11\" data-order-num=\"5\"><div class=\"btTileBox\"><div class=\"bpgPhoto \" > \r\n\t\t\t\t\t<a href=\"https:\/\/www.boracay.it\/wp-content\/uploads\/2019\/02\/web-_DSC1653-1920.jpg\" class=\"lightbox\" data-title=\"\"><\/a>\r\n\t\t\t\t\t<div class=\"boldPhotoBox\"><div class=\"bpbItem\"><div class = \"btImage\"><img src=\"https:\/\/www.boracay.it\/wp-content\/uploads\/2019\/02\/web-_DSC1653-1920-540x540.jpg\" alt=\"\" ><\/div><\/div><\/div>\r\n\t\t\t\t\t<div class=\"captionPane btDarkSkin\">\r\n\t\t\t\t\t\t<div class=\"captionTable\">\r\n\t\t\t\t\t\t\t<div class=\"captionCell\">\r\n\t\t\t\t\t\t\t\t<div class=\"captionTxt\"><\/div>\r\n\t\t\t\t\t\t\t<\/div>\r\n\t\t\t\t\t\t<\/div>\r\n\t\t\t\t\t<\/div><\/div><\/div><\/div><div class=\"gridItem btGhostSliderThumb bt11\" data-order-num=\"6\"><div class=\"btTileBox\"><div class=\"bpgPhoto \" > \r\n\t\t\t\t\t<a href=\"https:\/\/www.boracay.it\/wp-content\/uploads\/2019\/02\/web-IMG_0135-1920.jpg\" class=\"lightbox\" data-title=\"\"><\/a>\r\n\t\t\t\t\t<div class=\"boldPhotoBox\"><div class=\"bpbItem\"><div class = \"btImage\"><img src=\"https:\/\/www.boracay.it\/wp-content\/uploads\/2019\/02\/web-IMG_0135-1920-540x540.jpg\" alt=\"\" ><\/div><\/div><\/div>\r\n\t\t\t\t\t<div class=\"captionPane btDarkSkin\">\r\n\t\t\t\t\t\t<div class=\"captionTable\">\r\n\t\t\t\t\t\t\t<div class=\"captionCell\">\r\n\t\t\t\t\t\t\t\t<div class=\"captionTxt\"><\/div>\r\n\t\t\t\t\t\t\t<\/div>\r\n\t\t\t\t\t\t<\/div>\r\n\t\t\t\t\t<\/div><\/div><\/div><\/div><div class=\"gridItem btGhostSliderThumb bt11\" data-order-num=\"7\"><div class=\"btTileBox\"><div class=\"bpgPhoto \" > \r\n\t\t\t\t\t<a href=\"https:\/\/www.boracay.it\/wp-content\/uploads\/2019\/02\/web-IMG_0078-1920.jpg\" class=\"lightbox\" data-title=\"\"><\/a>\r\n\t\t\t\t\t<div class=\"boldPhotoBox\"><div class=\"bpbItem\"><div class = \"btImage\"><img src=\"https:\/\/www.boracay.it\/wp-content\/uploads\/2019\/02\/web-IMG_0078-1920-540x540.jpg\" alt=\"\" ><\/div><\/div><\/div>\r\n\t\t\t\t\t<div class=\"captionPane btDarkSkin\">\r\n\t\t\t\t\t\t<div class=\"captionTable\">\r\n\t\t\t\t\t\t\t<div class=\"captionCell\">\r\n\t\t\t\t\t\t\t\t<div class=\"captionTxt\"><\/div>\r\n\t\t\t\t\t\t\t<\/div>\r\n\t\t\t\t\t\t<\/div>\r\n\t\t\t\t\t<\/div><\/div><\/div><\/div><div class=\"gridItem btGhostSliderThumb bt11\" data-order-num=\"8\"><div class=\"btTileBox\"><div class=\"bpgPhoto \" > \r\n\t\t\t\t\t<a href=\"https:\/\/www.boracay.it\/wp-content\/uploads\/2019\/02\/web-IMG_0097-1920.jpg\" class=\"lightbox\" data-title=\"\"><\/a>\r\n\t\t\t\t\t<div class=\"boldPhotoBox\"><div class=\"bpbItem\"><div class = \"btImage\"><img src=\"https:\/\/www.boracay.it\/wp-content\/uploads\/2019\/02\/web-IMG_0097-1920-540x540.jpg\" alt=\"\" ><\/div><\/div><\/div>\r\n\t\t\t\t\t<div class=\"captionPane btDarkSkin\">\r\n\t\t\t\t\t\t<div class=\"captionTable\">\r\n\t\t\t\t\t\t\t<div class=\"captionCell\">\r\n\t\t\t\t\t\t\t\t<div class=\"captionTxt\"><\/div>\r\n\t\t\t\t\t\t\t<\/div>\r\n\t\t\t\t\t\t<\/div>\r\n\t\t\t\t\t<\/div><\/div><\/div><\/div><div class=\"gridItem btGhostSliderThumb bt11\" data-order-num=\"9\"><div class=\"btTileBox\"><div class=\"bpgPhoto \" > \r\n\t\t\t\t\t<a href=\"https:\/\/www.boracay.it\/wp-content\/uploads\/2019\/02\/web-IMG_0109-1920.jpg\" class=\"lightbox\" data-title=\"\"><\/a>\r\n\t\t\t\t\t<div class=\"boldPhotoBox\"><div class=\"bpbItem\"><div class = \"btImage\"><img src=\"https:\/\/www.boracay.it\/wp-content\/uploads\/2019\/02\/web-IMG_0109-1920-540x540.jpg\" alt=\"\" ><\/div><\/div><\/div>\r\n\t\t\t\t\t<div class=\"captionPane btDarkSkin\">\r\n\t\t\t\t\t\t<div class=\"captionTable\">\r\n\t\t\t\t\t\t\t<div class=\"captionCell\">\r\n\t\t\t\t\t\t\t\t<div class=\"captionTxt\"><\/div>\r\n\t\t\t\t\t\t\t<\/div>\r\n\t\t\t\t\t\t<\/div>\r\n\t\t\t\t\t<\/div><\/div><\/div><\/div><div class=\"gridItem btGhostSliderThumb bt11\" data-order-num=\"10\"><div class=\"btTileBox\"><div class=\"bpgPhoto \" > \r\n\t\t\t\t\t<a href=\"https:\/\/www.boracay.it\/wp-content\/uploads\/2019\/02\/web-IMG_0129-1920.jpg\" class=\"lightbox\" data-title=\"\"><\/a>\r\n\t\t\t\t\t<div class=\"boldPhotoBox\"><div class=\"bpbItem\"><div class = \"btImage\"><img src=\"https:\/\/www.boracay.it\/wp-content\/uploads\/2019\/02\/web-IMG_0129-1920-540x540.jpg\" alt=\"\" ><\/div><\/div><\/div>\r\n\t\t\t\t\t<div class=\"captionPane btDarkSkin\">\r\n\t\t\t\t\t\t<div class=\"captionTable\">\r\n\t\t\t\t\t\t\t<div class=\"captionCell\">\r\n\t\t\t\t\t\t\t\t<div class=\"captionTxt\"><\/div>\r\n\t\t\t\t\t\t\t<\/div>\r\n\t\t\t\t\t\t<\/div>\r\n\t\t\t\t\t<\/div><\/div><\/div><\/div><div class=\"gridItem btGhostSliderThumb bt11\" data-order-num=\"11\"><div class=\"btTileBox\"><div class=\"bpgPhoto \" > \r\n\t\t\t\t\t<a href=\"https:\/\/www.boracay.it\/wp-content\/uploads\/2019\/02\/web-_DSC1665-1920.jpg\" class=\"lightbox\" data-title=\"\"><\/a>\r\n\t\t\t\t\t<div class=\"boldPhotoBox\"><div class=\"bpbItem\"><div class = \"btImage\"><img src=\"https:\/\/www.boracay.it\/wp-content\/uploads\/2019\/02\/web-_DSC1665-1920-540x540.jpg\" alt=\"\" ><\/div><\/div><\/div>\r\n\t\t\t\t\t<div class=\"captionPane btDarkSkin\">\r\n\t\t\t\t\t\t<div class=\"captionTable\">\r\n\t\t\t\t\t\t\t<div class=\"captionCell\">\r\n\t\t\t\t\t\t\t\t<div class=\"captionTxt\"><\/div>\r\n\t\t\t\t\t\t\t<\/div>\r\n\t\t\t\t\t\t<\/div>\r\n\t\t\t\t\t<\/div><\/div><\/div><\/div><\/div><div class=\"btClear btSeparator topSmallSpaced noBorder\" ><hr><\/div><\/div><\/div><\/div><\/div><\/div><\/div><\/div><\/div><\/section><section id=\"bt_section69e7374ede10a\"  class=\"boldSection btDarkSkin gutter inherit\" style=\"background-color:#b71234;\"><div class=\"port\"><div class=\"boldCell\"><div class=\"boldCellInner\"><div class=\"boldRow \" ><div class=\"boldRowInner\"><div class=\"rowItem col-md-12 col-ms-12  btTextLeft\"  data-width=\"12\"><div class=\"rowItemContent\" ><div class=\"rowItemContentInner\"><div class=\"btClear btSeparator bottomSemiSpaced noBorder\" ><hr><\/div><div class=\"btText\" ><div class=\"btText\">\n<blockquote><p>Sie k\u00f6nnen aus k\u00f6stlichen Fleisch- oder Fischmen\u00fcs w\u00e4hlen, die immer von einem reichhaltigen und abwechslungsreichen Buffet mit Beilagen und leckeren Desserts begleitet werden<\/p><\/blockquote>\n<\/div>\n<\/div><div class=\"btClear btSeparator bottomSmallSpaced noBorder\" ><hr><\/div><\/div><\/div><\/div><\/div><\/div><\/div><\/div><\/div><\/section><section id=\"bt_section69e7374edf716\"  class=\"boldSection inherit\" ><div class=\"port\"><div class=\"boldCell\"><div class=\"boldCellInner\"><div class=\"boldRow \" ><div class=\"boldRowInner\"><div class=\"rowItem col-md-12 col-ms-12  btTextLeft\"  data-width=\"12\"><div class=\"rowItemContent\" ><div class=\"rowItemContentInner\"><div class=\"btText\" ><p class=\"attachment\"><a href='https:\/\/www.boracay.it\/wp-content\/uploads\/2019\/02\/web-_DSC1665-1920.jpg'><img width=\"320\" height=\"214\" src=\"https:\/\/www.boracay.it\/wp-content\/uploads\/2019\/02\/web-_DSC1665-1920-320x214.jpg\" class=\"attachment-medium size-medium\" alt=\"\" loading=\"lazy\" srcset=\"https:\/\/www.boracay.it\/wp-content\/uploads\/2019\/02\/web-_DSC1665-1920-320x214.jpg 320w, https:\/\/www.boracay.it\/wp-content\/uploads\/2019\/02\/web-_DSC1665-1920-768x513.jpg 768w, https:\/\/www.boracay.it\/wp-content\/uploads\/2019\/02\/web-_DSC1665-1920-1200x801.jpg 1200w, https:\/\/www.boracay.it\/wp-content\/uploads\/2019\/02\/web-_DSC1665-1920-540x361.jpg 540w, https:\/\/www.boracay.it\/wp-content\/uploads\/2019\/02\/web-_DSC1665-1920.jpg 1920w\" sizes=\"(max-width: 320px) 100vw, 320px\" \/><\/a><\/p>\n<section id=\"bt_section69e7374ee320b\"  class=\"boldSection gutter inherit wBackground cover\" style=\"background-image:url('https:\/\/www.boracay.it\/wp-content\/uploads\/2019\/01\/Albergo-Alba-adriatica-bg-contatti-2.jpg');\"><div class=\"port\"><div class=\"boldCell\"><div class=\"boldCellInner\"><div class=\"boldRow \" ><div class=\"boldRowInner\"><div class=\"rowItem col-md-6 col-sm-12 btTextLeft btTextIndent inherit\"  data-width=\"6\"><div class=\"rowItemContent\" ><div class=\"rowItemContentInner\"><div class=\"btClear btSeparator bottomSpaced noBorder\" ><hr><\/div><header class=\"header btClear extralarge btDash bottomDash  btHeadlineDefaultColor btBottomDashAccentColor\" ><div class=\"dash\"><h2><span class=\"headline\">Buchen Sie Ihren Urlaub<\/span><\/h2><\/div><\/header><div class=\"btText\" ><p>F\u00fcr weitere Informationen fordern Sie bitte einen kostenlosen Kostenvoranschlag f\u00fcr Ihren n\u00e4chsten Strandurlaub in Abruzzen an oder wenden Sie sich f\u00fcr eine andere Anfrage an folgende Adressen und E-Mail-Adressen.<\/p>\n<\/div><div class=\"btClear btSeparator topSmallSpaced noBorder\" ><hr><\/div><div class=\"servicesItem  btIcoAccentColorIcon btIcoMediumSizeIcon \" style=\"font-size:20px;\"><div class=\"sIcon\"><span class=\"btIco btIcoMediumSize btIcoFilledType btIcoAccentColor\"><span  data-ico-s7=\"&#xe670;\" class=\"btIcoHolder\"><\/span><\/span><\/div><div class=\"sTxt\"><header class=\"header btClear medium\" ><div class=\"dash\"><h4><span class=\"headline\">Telefon<\/span><\/h4><\/div><\/header><p>+39 0861 71 36 12\r<br\/>+39 347 73 93 280<\/p><\/div><\/div><div class=\"btClear btSeparator bottomSmallSpaced noBorder\" ><hr><\/div><div class=\"servicesItem  btIcoAccentColorIcon btIcoMediumSizeIcon \" style=\"font-size:20px;\"><div class=\"sIcon\"><span class=\"btIco btIcoMediumSize btIcoFilledType btIcoAccentColor\"><span  data-ico-s7=\"&#xe63a;\" class=\"btIcoHolder\"><\/span><\/span><\/div><div class=\"sTxt\"><header class=\"header btClear medium\" ><div class=\"dash\"><h4><span class=\"headline\">Email<\/span><\/h4><\/div><\/header><p>info@boracay.it<\/p><\/div><\/div><div class=\"btClear btSeparator bottomSemiSpaced noBorder\" ><hr><\/div><\/div><\/div><\/div><div class=\"rowItem col-md-6 col-sm-12 btTextLeft\"  data-width=\"6\"><div class=\"rowItemContent\" ><div class=\"rowItemContentInner\"><div class=\"btClear btSeparator bottomSpaced noBorder\" ><hr><\/div><header class=\"header btClear medium btDash bottomDash  btHeadlineDefaultColor btBottomDashAccentColor\" ><div class=\"dash\"><h4><span class=\"headline\">Informationen anfordern<\/span><\/h4><\/div><\/header><div class=\"btText\" ><div id=\"formContacto\"><\/div>\n<\/div><div class=\"btClear btSeparator bottomSmallSpaced noBorder\" ><hr><\/div><\/div><\/div><\/div><\/div><\/div><\/div><\/div><\/div><\/section><\/div><\/div><\/div><\/div><\/div><\/div><\/div><\/div><\/div><\/section>","protected":false},"excerpt":{"rendered":"","protected":false},"author":1,"featured_media":0,"parent":0,"menu_order":0,"comment_status":"closed","ping_status":"closed","template":"","meta":[],"_links":{"self":[{"href":"https:\/\/www.boracay.it\/de\/wp-json\/wp\/v2\/pages\/2418\/"}],"collection":[{"href":"https:\/\/www.boracay.it\/de\/wp-json\/wp\/v2\/pages\/"}],"about":[{"href":"https:\/\/www.boracay.it\/de\/wp-json\/wp\/v2\/types\/page\/"}],"author":[{"embeddable":true,"href":"https:\/\/www.boracay.it\/de\/wp-json\/wp\/v2\/users\/1\/"}],"replies":[{"embeddable":true,"href":"https:\/\/www.boracay.it\/de\/wp-json\/wp\/v2\/comments\/?post=2418"}],"version-history":[{"count":2,"href":"https:\/\/www.boracay.it\/de\/wp-json\/wp\/v2\/pages\/2418\/revisions\/"}],"predecessor-version":[{"id":3363,"href":"https:\/\/www.boracay.it\/de\/wp-json\/wp\/v2\/pages\/2418\/revisions\/3363\/"}],"wp:attachment":[{"href":"https:\/\/www.boracay.it\/de\/wp-json\/wp\/v2\/media\/?parent=2418"}],"curies":[{"name":"wp","href":"https:\/\/api.w.org\/{rel}","templated":true}]}}